{"id":3186146,"date":"2025-09-29T08:34:57","date_gmt":"2025-09-29T08:34:57","guid":{"rendered":"https:\/\/demo-333.avantio.dev\/kommerzielle-informationen\/"},"modified":"2026-02-10T11:38:22","modified_gmt":"2026-02-10T11:38:22","slug":"kommerzielle-informationen","status":"publish","type":"page","link":"https:\/\/www.lampo.it\/de\/kommerzielle-informationen\/","title":{"rendered":"Kommerzielle Informationen"},"content":{"rendered":"\t\t<div data-elementor-type=\"wp-page\" data-elementor-id=\"3186146\" class=\"elementor elementor-3186146 elementor-3181987\" data-elementor-post-type=\"page\">\n\t\t\t\t<div class=\"elementor-element elementor-element-683a993f e-flex e-con-boxed e-con e-parent\" data-id=\"683a993f\" data-element_type=\"container\" data-e-type=\"container\" data-settings=\"{&quot;background_background&quot;:&quot;classic&quot;}\">\n\t\t\t\t\t<div class=\"e-con-inner\">\n\t\t<div class=\"elementor-element elementor-element-3f4fd5fc e-con-full e-flex e-con e-child\" data-id=\"3f4fd5fc\" data-element_type=\"container\" data-e-type=\"container\">\n\t\t\t\t<div class=\"elementor-element elementor-element-e533ce2 elementor-invisible elementor-widget elementor-widget-heading\" data-id=\"e533ce2\" data-element_type=\"widget\" data-e-type=\"widget\" data-settings=\"{&quot;_animation&quot;:&quot;fadeIn&quot;}\" data-widget_type=\"heading.default\">\n\t\t\t\t\t<h1 class=\"elementor-heading-title elementor-size-default\">Kommerzielle Informationen\n<\/h1>\t\t\t\t<\/div>\n\t\t\t\t<div class=\"elementor-element elementor-element-3a4ac823 elementor-widget__width-initial elementor-widget-mobile__width-inherit elementor-invisible elementor-widget elementor-widget-text-editor\" data-id=\"3a4ac823\" data-element_type=\"widget\" data-e-type=\"widget\" data-settings=\"{&quot;_animation&quot;:&quot;fadeIn&quot;,&quot;_animation_delay&quot;:&quot;200&quot;}\" data-widget_type=\"text-editor.default\">\n\t\t\t\t\t\t\t\t\t<p class=\"subtitle\"><strong>Auf dieser Seite finden Sie einige wichtige Informationen \u00fcber die Preise, die Bedingungen und die akzeptierten Zahlungssysteme.<\/strong><\/p>\t\t\t\t\t\t\t\t<\/div>\n\t\t\t\t<\/div>\n\t\t\t\t\t<\/div>\n\t\t\t\t<\/div>\n\t\t<div class=\"elementor-element elementor-element-6a95fc52 e-flex e-con-boxed e-con e-parent\" data-id=\"6a95fc52\" data-element_type=\"container\" data-e-type=\"container\">\n\t\t\t\t\t<div class=\"e-con-inner\">\n\t\t<div class=\"elementor-element elementor-element-39875822 e-con-full e-flex e-con e-child\" data-id=\"39875822\" data-element_type=\"container\" data-e-type=\"container\">\n\t\t\t\t<div class=\"elementor-element elementor-element-39c4d0da elementor-widget__width-initial elementor-widget-mobile__width-inherit elementor-invisible elementor-widget elementor-widget-heading\" data-id=\"39c4d0da\" data-element_type=\"widget\" data-e-type=\"widget\" data-settings=\"{&quot;_animation&quot;:&quot;fadeIn&quot;}\" data-widget_type=\"heading.default\">\n\t\t\t\t\t<h2 class=\"elementor-heading-title elementor-size-default\">Preise<\/h2>\t\t\t\t<\/div>\n\t\t\t\t<div class=\"elementor-element elementor-element-273cd204 elementor-widget-tablet__width-initial elementor-widget__width-initial elementor-widget-mobile__width-inherit elementor-invisible elementor-widget elementor-widget-text-editor\" data-id=\"273cd204\" data-element_type=\"widget\" data-e-type=\"widget\" data-settings=\"{&quot;_animation&quot;:&quot;fadeIn&quot;,&quot;_animation_delay&quot;:&quot;200&quot;}\" data-widget_type=\"text-editor.default\">\n\t\t\t\t\t\t\t\t\t<p>Der in der Buchungsbest\u00e4tigung angegebene Mietpreis beinhaltet den Aufenthalt in der gew\u00e4hlten Unterkunft sowie die Buchungsgeb\u00fchren.<\/p><p>Eventuelle Zusatzkosten, ob verpflichtend oder auf Anfrage, sind stets transparent in dem Bereich f\u00fcr Zusatzleistungen im Lampo-Katalog oder auf der Website aufgef\u00fchrt.<\/p><p>Mit der Zahlung der Anzahlung best\u00e4tigt der Gast, diese Bedingungen gelesen und akzeptiert zu haben.<\/p>\t\t\t\t\t\t\t\t<\/div>\n\t\t\t\t<\/div>\n\t\t<div class=\"elementor-element elementor-element-6cccdda7 e-con-full e-flex elementor-invisible e-con e-child\" data-id=\"6cccdda7\" data-element_type=\"container\" data-e-type=\"container\" data-settings=\"{&quot;animation&quot;:&quot;fadeIn&quot;}\">\n\t\t\t\t<div class=\"elementor-element elementor-element-5956004 elementor-widget elementor-widget-image\" data-id=\"5956004\" data-element_type=\"widget\" data-e-type=\"widget\" data-widget_type=\"image.default\">\n\t\t\t\t\t\t\t\t\t\t\t\t\t\t\t<img fetchpriority=\"high\" decoding=\"async\" width=\"600\" height=\"600\" src=\"https:\/\/www.lampo.it\/wp-content\/uploads\/2025\/09\/prezzi.jpg\" class=\"attachment-large size-large wp-image-3182003\" alt=\"Kommerzielle Preise\" srcset=\"https:\/\/www.lampo.it\/wp-content\/uploads\/2025\/09\/prezzi.jpg 600w, https:\/\/www.lampo.it\/wp-content\/uploads\/2025\/09\/prezzi-300x300.jpg 300w, https:\/\/www.lampo.it\/wp-content\/uploads\/2025\/09\/prezzi-150x150.jpg 150w\" sizes=\"(max-width: 600px) 100vw, 600px\" \/>\t\t\t\t\t\t\t\t\t\t\t\t\t\t\t<\/div>\n\t\t\t\t<\/div>\n\t\t\t\t\t<\/div>\n\t\t\t\t<\/div>\n\t\t<div class=\"elementor-element elementor-element-25bbbca e-flex e-con-boxed e-con e-parent\" data-id=\"25bbbca\" data-element_type=\"container\" data-e-type=\"container\">\n\t\t\t\t\t<div class=\"e-con-inner\">\n\t\t<div class=\"elementor-element elementor-element-95a4ba4 e-con-full e-flex e-con e-child\" data-id=\"95a4ba4\" data-element_type=\"container\" data-e-type=\"container\">\n\t\t\t\t<div class=\"elementor-element elementor-element-fe546c9 elementor-widget__width-initial elementor-widget-mobile__width-inherit elementor-invisible elementor-widget elementor-widget-heading\" data-id=\"fe546c9\" data-element_type=\"widget\" data-e-type=\"widget\" data-settings=\"{&quot;_animation&quot;:&quot;fadeIn&quot;}\" data-widget_type=\"heading.default\">\n\t\t\t\t\t<h2 class=\"elementor-heading-title elementor-size-default\">Zahlungssysteme<\/h2>\t\t\t\t<\/div>\n\t\t\t\t<div class=\"elementor-element elementor-element-642cf41 elementor-widget-tablet__width-initial elementor-widget__width-initial elementor-widget-mobile__width-inherit elementor-invisible elementor-widget elementor-widget-text-editor\" data-id=\"642cf41\" data-element_type=\"widget\" data-e-type=\"widget\" data-settings=\"{&quot;_animation&quot;:&quot;fadeIn&quot;,&quot;_animation_delay&quot;:&quot;200&quot;}\" data-widget_type=\"text-editor.default\">\n\t\t\t\t\t\t\t\t\t<p>Normalerweise wird der gesamte Mietpreis in zwei Etappen bezahlt:<\/p><p>&#8211; 30% des Mietpreises zum Zeitpunkt der Buchung<\/p><p>&#8211; die restlichen 70 Prozent sowie die zus\u00e4tzlichen obligatorischen und fakultativen Ausgaben bei Ihrer Ankunft.<\/p><p>Die Zahlung der Kaution kann erfolgen:<\/p><p>&#8211; durch Einzahlung in einer unserer Filialen in bar<\/p><p>&#8211; indem Sie eine Postanweisung oder einen Scheck mit garantierter Deckung per Post schicken<\/p><p>&#8211; per Kreditkarte (Visa, Mastercard) oder POS in einer unserer Filialen<\/p><p>&#8211; per Online-Zahlung auf dieser Website<\/p><p>&#8211; per Bank\u00fcberweisung f\u00fcr <strong>Agenzia Lampo<\/strong> an die BANCA INTESA SAN PAOLO (siehe verschiedene Bankverbindungen unten)<\/p>\t\t\t\t\t\t\t\t<\/div>\n\t\t\t\t<\/div>\n\t\t<div class=\"elementor-element elementor-element-44886a8 e-con-full e-flex e-con e-child\" data-id=\"44886a8\" data-element_type=\"container\" data-e-type=\"container\">\n\t\t\t\t<div class=\"elementor-element elementor-element-84b40ad elementor-widget-tablet__width-initial elementor-widget__width-initial elementor-widget-mobile__width-inherit elementor-invisible elementor-widget elementor-widget-text-editor\" data-id=\"84b40ad\" data-element_type=\"widget\" data-e-type=\"widget\" data-settings=\"{&quot;_animation&quot;:&quot;fadeIn&quot;,&quot;_animation_delay&quot;:&quot;200&quot;}\" data-widget_type=\"text-editor.default\">\n\t\t\t\t\t\t\t\t\t<p style=\"text-align: left;\">Per Bank\u00fcberweisung f\u00fcr <strong>Agenzia Lampo<\/strong> an die BANCA INTESA SAN PAOLO (siehe verschiedene Bankverbindungen unten)<\/p><table border=\"1\"><tbody><tr><td>Filiale<\/td><td>BIC-Code<\/td><td>IBAN<\/td><td>Code CIN<\/td><td>ABI-Code<\/td><td>CAB-Code<\/td><td>Bankkonto-Nr.<\/td><\/tr><tr><td>Porto S. Margherita<\/td><td>BCITITMM<\/td><td>IT64<\/td><td>U<\/td><td>03069<\/td><td>36020<\/td><td>074000050550<\/td><\/tr><tr><td>Bibione<\/td><td>BCITITMM<\/td><td>IT37<\/td><td>K<\/td><td>03069<\/td><td>36243<\/td><td>100000019755<\/td><\/tr><tr><td>Caorle<\/td><td>BCITITMM<\/td><td>IT64<\/td><td>U<\/td><td>03069<\/td><td>36020<\/td><td>074000050550<\/td><\/tr><tr><td>Jesolo<\/td><td>BCITITMM<\/td><td>IT42<\/td><td>W<\/td><td>03069<\/td><td>36143<\/td><td>074000095380<\/td><\/tr><tr><td>Caorle-Altanea<\/td><td>BCITITMM<\/td><td>IT76<\/td><td>K<\/td><td>03069<\/td><td>36020<\/td><td>074001686683<\/td><\/tr><\/tbody><\/table>\t\t\t\t\t\t\t\t<\/div>\n\t\t\t\t<div class=\"elementor-element elementor-element-7a475b8 elementor-widget-tablet__width-initial elementor-widget__width-initial elementor-widget-mobile__width-inherit elementor-invisible elementor-widget elementor-widget-text-editor\" data-id=\"7a475b8\" data-element_type=\"widget\" data-e-type=\"widget\" data-settings=\"{&quot;_animation&quot;:&quot;fadeIn&quot;,&quot;_animation_delay&quot;:&quot;200&quot;}\" data-widget_type=\"text-editor.default\">\n\t\t\t\t\t\t\t\t\t<p style=\"text-align: left;\">Per Bank\u00fcberweisung f\u00fcr <strong>Giove SPA\/Summertime Family Resort<\/strong> an die Bank CREDIFRIULI SPA<\/p><table border=\"1\"><tbody><tr><td><strong>Wohnsitz<\/strong><\/td><td><strong>BIC-Code <\/strong><\/td><td><strong>IBAN<\/strong><\/td><td><strong>Code CIN <\/strong><\/td><td><strong>ABI-Code <\/strong><\/td><td><strong>CAB-Code <\/strong><\/td><td><strong>Bankkonto-Nr.<\/strong><\/td><\/tr><tr><td>Sommerzeit Familienresort<\/td><td>ICRAITRRU50<\/td><td>IT40<\/td><td>U<\/td><td>07085<\/td><td>36240<\/td><td>000000032674<\/td><\/tr><\/tbody><\/table>\t\t\t\t\t\t\t\t<\/div>\n\t\t\t\t<div class=\"elementor-element elementor-element-5d310e3 elementor-widget-tablet__width-initial elementor-widget__width-initial elementor-widget-mobile__width-inherit elementor-invisible elementor-widget elementor-widget-text-editor\" data-id=\"5d310e3\" data-element_type=\"widget\" data-e-type=\"widget\" data-settings=\"{&quot;_animation&quot;:&quot;fadeIn&quot;,&quot;_animation_delay&quot;:&quot;200&quot;}\" data-widget_type=\"text-editor.default\">\n\t\t\t\t\t\t\t\t\t<p style=\"text-align: left;\">Per Bank\u00fcberweisung f\u00fcr <strong>Giove SPA\/Pini Village<\/strong> an die Bank BCC PORDENONESE E MONSILE<\/p><table border=\"1\"><tbody><tr><td><strong>Wohnsitz<\/strong><\/td><td><strong>BIC-Code <\/strong><\/td><td><strong>IBAN<\/strong><\/td><td><strong>Code CIN <\/strong><\/td><td><strong>ABI-Code <\/strong><\/td><td><strong>CAB-Code <\/strong><\/td><td><strong>Bankkonto-Nr.<\/strong><\/td><\/tr><tr><td>Dorf Pines<\/td><td>ICRAITRR9W0<\/td><td>IT75<\/td><td>L<\/td><td>08356<\/td><td>36240<\/td><td>000000059728<\/td><\/tr><\/tbody><\/table>\t\t\t\t\t\t\t\t<\/div>\n\t\t\t\t<\/div>\n\t\t\t\t\t<\/div>\n\t\t\t\t<\/div>\n\t\t\t\t<\/div>\n\t\t","protected":false},"excerpt":{"rendered":"<p>Kommerzielle Informationen Auf dieser Seite finden Sie einige wichtige Informationen \u00fcber die Preise, die Bedingungen und die akzeptierten Zahlungssysteme. Preise Der in der Buchungsbest\u00e4tigung angegebene Mietpreis beinhaltet den Aufenthalt in [&hellip;]<\/p>\n","protected":false},"author":1,"featured_media":0,"parent":0,"menu_order":0,"comment_status":"closed","ping_status":"closed","template":"","meta":{"footnotes":""},"locations":[],"class_list":["post-3186146","page","type-page","status-publish","hentry"],"yoast_head":"<!-- This site is optimized with the Yoast SEO plugin v27.5 - https:\/\/yoast.com\/product\/yoast-seo-wordpress\/ -->\n<title>Kommerzielle Informationen - Agenzia Lampo<\/title>\n<meta name=\"description\" content=\"Wichtige Informationen zu den von der Agenzia Lampo akzeptierten Preisen und Zahlungsbedingungen\" \/>\n<meta name=\"robots\" content=\"index, follow, max-snippet:-1, max-image-preview:large, max-video-preview:-1\" \/>\n<link rel=\"canonical\" href=\"https:\/\/www.lampo.it\/informazioni-commerciali\/\" \/>\n<meta property=\"og:locale\" content=\"de_DE\" \/>\n<meta property=\"og:type\" content=\"article\" \/>\n<meta property=\"og:title\" content=\"Kommerzielle Informationen - Agenzia Lampo\" \/>\n<meta property=\"og:description\" content=\"Wichtige Informationen zu den von der Agenzia Lampo akzeptierten Preisen und Zahlungsbedingungen\" \/>\n<meta property=\"og:url\" content=\"https:\/\/www.lampo.it\/informazioni-commerciali\/\" \/>\n<meta property=\"og:site_name\" content=\"Agenzia Lampo\" \/>\n<meta property=\"article:modified_time\" content=\"2026-02-10T11:38:22+00:00\" \/>\n<meta property=\"og:image\" content=\"https:\/\/www.lampo.it\/wp-content\/uploads\/2025\/09\/prezzi.jpg\" \/>\n\t<meta property=\"og:image:width\" content=\"600\" \/>\n\t<meta property=\"og:image:height\" content=\"600\" \/>\n\t<meta property=\"og:image:type\" content=\"image\/jpeg\" \/>\n<meta name=\"twitter:card\" content=\"summary_large_image\" \/>\n<meta name=\"twitter:label1\" content=\"Gesch\u00e4tzte Lesezeit\" \/>\n\t<meta name=\"twitter:data1\" content=\"2\u00a0Minuten\" \/>\n<script type=\"application\/ld+json\" class=\"yoast-schema-graph\">{\"@context\":\"https:\\\/\\\/schema.org\",\"@graph\":[{\"@type\":\"WebPage\",\"@id\":\"https:\\\/\\\/www.lampo.it\\\/informazioni-commerciali\\\/\",\"url\":\"https:\\\/\\\/www.lampo.it\\\/informazioni-commerciali\\\/\",\"name\":\"Kommerzielle Informationen - Agenzia Lampo\",\"isPartOf\":{\"@id\":\"https:\\\/\\\/www.lampo.it\\\/#website\"},\"primaryImageOfPage\":{\"@id\":\"https:\\\/\\\/www.lampo.it\\\/informazioni-commerciali\\\/#primaryimage\"},\"image\":{\"@id\":\"https:\\\/\\\/www.lampo.it\\\/informazioni-commerciali\\\/#primaryimage\"},\"thumbnailUrl\":\"https:\\\/\\\/www.lampo.it\\\/wp-content\\\/uploads\\\/2025\\\/09\\\/prezzi.jpg\",\"datePublished\":\"2025-09-29T08:34:57+00:00\",\"dateModified\":\"2026-02-10T11:38:22+00:00\",\"description\":\"Wichtige Informationen zu den von der Agenzia Lampo akzeptierten Preisen und Zahlungsbedingungen\",\"breadcrumb\":{\"@id\":\"https:\\\/\\\/www.lampo.it\\\/informazioni-commerciali\\\/#breadcrumb\"},\"inLanguage\":\"de\",\"potentialAction\":[{\"@type\":\"ReadAction\",\"target\":[\"https:\\\/\\\/www.lampo.it\\\/informazioni-commerciali\\\/\"]}]},{\"@type\":\"ImageObject\",\"inLanguage\":\"de\",\"@id\":\"https:\\\/\\\/www.lampo.it\\\/informazioni-commerciali\\\/#primaryimage\",\"url\":\"https:\\\/\\\/www.lampo.it\\\/wp-content\\\/uploads\\\/2025\\\/09\\\/prezzi.jpg\",\"contentUrl\":\"https:\\\/\\\/www.lampo.it\\\/wp-content\\\/uploads\\\/2025\\\/09\\\/prezzi.jpg\"},{\"@type\":\"BreadcrumbList\",\"@id\":\"https:\\\/\\\/www.lampo.it\\\/informazioni-commerciali\\\/#breadcrumb\",\"itemListElement\":[{\"@type\":\"ListItem\",\"position\":1,\"name\":\"Home\",\"item\":\"https:\\\/\\\/www.lampo.it\\\/\"},{\"@type\":\"ListItem\",\"position\":2,\"name\":\"Kommerzielle Informationen\"}]},{\"@type\":\"WebSite\",\"@id\":\"https:\\\/\\\/www.lampo.it\\\/#website\",\"url\":\"https:\\\/\\\/www.lampo.it\\\/\",\"name\":\"Agenzia Lampo\",\"description\":\"Agenzia Lampo. Affitti brevi sulla Costa Veneta\",\"publisher\":{\"@id\":\"https:\\\/\\\/www.lampo.it\\\/#organization\"},\"potentialAction\":[{\"@type\":\"SearchAction\",\"target\":{\"@type\":\"EntryPoint\",\"urlTemplate\":\"https:\\\/\\\/www.lampo.it\\\/?s={search_term_string}\"},\"query-input\":{\"@type\":\"PropertyValueSpecification\",\"valueRequired\":true,\"valueName\":\"search_term_string\"}}],\"inLanguage\":\"de\"},{\"@type\":\"Organization\",\"@id\":\"https:\\\/\\\/www.lampo.it\\\/#organization\",\"name\":\"Agenzia Lampo\",\"url\":\"https:\\\/\\\/www.lampo.it\\\/\",\"logo\":{\"@type\":\"ImageObject\",\"inLanguage\":\"de\",\"@id\":\"https:\\\/\\\/www.lampo.it\\\/#\\\/schema\\\/logo\\\/image\\\/\",\"url\":\"https:\\\/\\\/www.lampo.it\\\/wp-content\\\/uploads\\\/2025\\\/07\\\/logo-lampo_ok_2012.png\",\"contentUrl\":\"https:\\\/\\\/www.lampo.it\\\/wp-content\\\/uploads\\\/2025\\\/07\\\/logo-lampo_ok_2012.png\",\"width\":349,\"height\":137,\"caption\":\"Agenzia Lampo\"},\"image\":{\"@id\":\"https:\\\/\\\/www.lampo.it\\\/#\\\/schema\\\/logo\\\/image\\\/\"}}]}<\/script>\n<!-- \/ Yoast SEO plugin. -->","yoast_head_json":{"title":"Kommerzielle Informationen - Agenzia Lampo","description":"Wichtige Informationen zu den von der Agenzia Lampo akzeptierten Preisen und Zahlungsbedingungen","robots":{"index":"index","follow":"follow","max-snippet":"max-snippet:-1","max-image-preview":"max-image-preview:large","max-video-preview":"max-video-preview:-1"},"canonical":"https:\/\/www.lampo.it\/informazioni-commerciali\/","og_locale":"de_DE","og_type":"article","og_title":"Kommerzielle Informationen - Agenzia Lampo","og_description":"Wichtige Informationen zu den von der Agenzia Lampo akzeptierten Preisen und Zahlungsbedingungen","og_url":"https:\/\/www.lampo.it\/informazioni-commerciali\/","og_site_name":"Agenzia Lampo","article_modified_time":"2026-02-10T11:38:22+00:00","og_image":[{"width":600,"height":600,"url":"https:\/\/www.lampo.it\/wp-content\/uploads\/2025\/09\/prezzi.jpg","type":"image\/jpeg"}],"twitter_card":"summary_large_image","twitter_misc":{"Gesch\u00e4tzte Lesezeit":"2\u00a0Minuten"},"schema":{"@context":"https:\/\/schema.org","@graph":[{"@type":"WebPage","@id":"https:\/\/www.lampo.it\/informazioni-commerciali\/","url":"https:\/\/www.lampo.it\/informazioni-commerciali\/","name":"Kommerzielle Informationen - Agenzia Lampo","isPartOf":{"@id":"https:\/\/www.lampo.it\/#website"},"primaryImageOfPage":{"@id":"https:\/\/www.lampo.it\/informazioni-commerciali\/#primaryimage"},"image":{"@id":"https:\/\/www.lampo.it\/informazioni-commerciali\/#primaryimage"},"thumbnailUrl":"https:\/\/www.lampo.it\/wp-content\/uploads\/2025\/09\/prezzi.jpg","datePublished":"2025-09-29T08:34:57+00:00","dateModified":"2026-02-10T11:38:22+00:00","description":"Wichtige Informationen zu den von der Agenzia Lampo akzeptierten Preisen und Zahlungsbedingungen","breadcrumb":{"@id":"https:\/\/www.lampo.it\/informazioni-commerciali\/#breadcrumb"},"inLanguage":"de","potentialAction":[{"@type":"ReadAction","target":["https:\/\/www.lampo.it\/informazioni-commerciali\/"]}]},{"@type":"ImageObject","inLanguage":"de","@id":"https:\/\/www.lampo.it\/informazioni-commerciali\/#primaryimage","url":"https:\/\/www.lampo.it\/wp-content\/uploads\/2025\/09\/prezzi.jpg","contentUrl":"https:\/\/www.lampo.it\/wp-content\/uploads\/2025\/09\/prezzi.jpg"},{"@type":"BreadcrumbList","@id":"https:\/\/www.lampo.it\/informazioni-commerciali\/#breadcrumb","itemListElement":[{"@type":"ListItem","position":1,"name":"Home","item":"https:\/\/www.lampo.it\/"},{"@type":"ListItem","position":2,"name":"Kommerzielle Informationen"}]},{"@type":"WebSite","@id":"https:\/\/www.lampo.it\/#website","url":"https:\/\/www.lampo.it\/","name":"Agenzia Lampo","description":"Agenzia Lampo. Affitti brevi sulla Costa Veneta","publisher":{"@id":"https:\/\/www.lampo.it\/#organization"},"potentialAction":[{"@type":"SearchAction","target":{"@type":"EntryPoint","urlTemplate":"https:\/\/www.lampo.it\/?s={search_term_string}"},"query-input":{"@type":"PropertyValueSpecification","valueRequired":true,"valueName":"search_term_string"}}],"inLanguage":"de"},{"@type":"Organization","@id":"https:\/\/www.lampo.it\/#organization","name":"Agenzia Lampo","url":"https:\/\/www.lampo.it\/","logo":{"@type":"ImageObject","inLanguage":"de","@id":"https:\/\/www.lampo.it\/#\/schema\/logo\/image\/","url":"https:\/\/www.lampo.it\/wp-content\/uploads\/2025\/07\/logo-lampo_ok_2012.png","contentUrl":"https:\/\/www.lampo.it\/wp-content\/uploads\/2025\/07\/logo-lampo_ok_2012.png","width":349,"height":137,"caption":"Agenzia Lampo"},"image":{"@id":"https:\/\/www.lampo.it\/#\/schema\/logo\/image\/"}}]}},"_links":{"self":[{"href":"https:\/\/www.lampo.it\/de\/wp-json\/wp\/v2\/pages\/3186146","targetHints":{"allow":["GET"]}}],"collection":[{"href":"https:\/\/www.lampo.it\/de\/wp-json\/wp\/v2\/pages"}],"about":[{"href":"https:\/\/www.lampo.it\/de\/wp-json\/wp\/v2\/types\/page"}],"author":[{"embeddable":true,"href":"https:\/\/www.lampo.it\/de\/wp-json\/wp\/v2\/users\/1"}],"replies":[{"embeddable":true,"href":"https:\/\/www.lampo.it\/de\/wp-json\/wp\/v2\/comments?post=3186146"}],"version-history":[{"count":10,"href":"https:\/\/www.lampo.it\/de\/wp-json\/wp\/v2\/pages\/3186146\/revisions"}],"predecessor-version":[{"id":3198426,"href":"https:\/\/www.lampo.it\/de\/wp-json\/wp\/v2\/pages\/3186146\/revisions\/3198426"}],"wp:attachment":[{"href":"https:\/\/www.lampo.it\/de\/wp-json\/wp\/v2\/media?parent=3186146"}],"wp:term":[{"taxonomy":"locations","embeddable":true,"href":"https:\/\/www.lampo.it\/de\/wp-json\/wp\/v2\/locations?post=3186146"}],"curies":[{"name":"wp","href":"https:\/\/api.w.org\/{rel}","templated":true}]}}