{"id":3186620,"date":"2025-10-27T07:57:09","date_gmt":"2025-10-27T07:57:09","guid":{"rendered":"https:\/\/demo-333.avantio.dev\/p-s-margherita\/informationen\/"},"modified":"2025-11-18T16:45:05","modified_gmt":"2025-11-18T16:45:05","slug":"informationen","status":"publish","type":"page","link":"https:\/\/www.lampo.it\/de\/p-s-margherita\/informationen\/","title":{"rendered":"Informationen"},"content":{"rendered":"\t\t<div data-elementor-type=\"wp-page\" data-elementor-id=\"3186620\" class=\"elementor elementor-3186620 elementor-3185354\" data-elementor-post-type=\"page\">\n\t\t\t\t<div class=\"elementor-element elementor-element-1853f737 e-flex e-con-boxed e-con e-parent\" data-id=\"1853f737\" data-element_type=\"container\" data-e-type=\"container\" data-settings=\"{&quot;background_background&quot;:&quot;classic&quot;}\">\n\t\t\t\t\t<div class=\"e-con-inner\">\n\t\t<div class=\"elementor-element elementor-element-4faef2e6 e-con-full e-flex e-con e-child\" data-id=\"4faef2e6\" data-element_type=\"container\" data-e-type=\"container\">\n\t\t\t\t<div class=\"elementor-element elementor-element-67aa49d6 elementor-invisible elementor-widget elementor-widget-heading\" data-id=\"67aa49d6\" data-element_type=\"widget\" data-e-type=\"widget\" data-settings=\"{&quot;_animation&quot;:&quot;fadeIn&quot;}\" data-widget_type=\"heading.default\">\n\t\t\t\t\t<h1 class=\"elementor-heading-title elementor-size-default\">Information Porto Santa Margherita<\/h1>\t\t\t\t<\/div>\n\t\t\t\t<div class=\"elementor-element elementor-element-4f58daa elementor-widget__width-initial elementor-widget-mobile__width-inherit elementor-invisible elementor-widget elementor-widget-text-editor\" data-id=\"4f58daa\" data-element_type=\"widget\" data-e-type=\"widget\" data-settings=\"{&quot;_animation&quot;:&quot;fadeIn&quot;,&quot;_animation_delay&quot;:&quot;200&quot;}\" data-widget_type=\"text-editor.default\">\n\t\t\t\t\t\t\t\t\t<p>Porto Santa Margherita ist ein kleines St\u00e4dtchen mit Blick auf die azurblaue Adria, mit einem Strand, der mit Sonnenschirmen und Liegen ausgestattet ist, sowie mit Kiosken, einem Unterhaltungsservice, einem Fliegen- und Surfverleih.<\/p>\t\t\t\t\t\t\t\t<\/div>\n\t\t\t\t<\/div>\n\t\t\t\t\t<\/div>\n\t\t\t\t<\/div>\n\t\t<div class=\"elementor-element elementor-element-95f1ec7 e-flex e-con-boxed e-con e-parent\" data-id=\"95f1ec7\" data-element_type=\"container\" data-e-type=\"container\">\n\t\t\t\t\t<div class=\"e-con-inner\">\n\t\t\t\t<div class=\"elementor-element elementor-element-15e9e6c elementor-widget__width-initial elementor-widget elementor-widget-heading\" data-id=\"15e9e6c\" data-element_type=\"widget\" data-e-type=\"widget\" data-widget_type=\"heading.default\">\n\t\t\t\t\t<h2 class=\"elementor-heading-title elementor-size-default\">Finden Sie heraus, was Sie in PS Margherita unternehmen k\u00f6nnen<\/h2>\t\t\t\t<\/div>\n\t\t\t\t<div class=\"elementor-element elementor-element-e187df6 elementor-widget elementor-widget-text-editor\" data-id=\"e187df6\" data-element_type=\"widget\" data-e-type=\"widget\" data-widget_type=\"text-editor.default\">\n\t\t\t\t\t\t\t\t\t<p>Dieser Ort, der vor allem f\u00fcr seinen gro\u00dfen Hafen bekannt ist, ist ein idealer Ort, um einen wunderbaren Familienurlaub zu verbringen, bei dem jeder auf seine Kosten kommt.<\/p><p>Finden Sie heraus, was Sie in Porto S. Margherita unternehmen k\u00f6nnen<\/p>\t\t\t\t\t\t\t\t<\/div>\n\t\t\t\t\t<\/div>\n\t\t\t\t<\/div>\n\t\t<div class=\"elementor-element elementor-element-fabcd68 e-flex e-con-boxed e-con e-parent\" data-id=\"fabcd68\" data-element_type=\"container\" data-e-type=\"container\">\n\t\t\t\t\t<div class=\"e-con-inner\">\n\t\t<div class=\"elementor-element elementor-element-6ffd2f6 e-con-full e-flex e-con e-child\" data-id=\"6ffd2f6\" data-element_type=\"container\" data-e-type=\"container\" data-settings=\"{&quot;background_background&quot;:&quot;classic&quot;}\">\n\t\t<div class=\"elementor-element elementor-element-b32be61 e-con-full e-flex e-con e-child\" data-id=\"b32be61\" data-element_type=\"container\" data-e-type=\"container\" data-settings=\"{&quot;background_background&quot;:&quot;classic&quot;}\">\n\t\t\t\t<div class=\"elementor-element elementor-element-7212f0e elementor-widget elementor-widget-heading\" data-id=\"7212f0e\" data-element_type=\"widget\" data-e-type=\"widget\" data-widget_type=\"heading.default\">\n\t\t\t\t\t<h2 class=\"elementor-heading-title elementor-size-default\"><a href=\"\/de\/p-s-margherita\/informationen\/historische-anmerkungen\/\">Historischer Hintergrund<\/a><\/h2>\t\t\t\t<\/div>\n\t\t\t\t<\/div>\n\t\t\t\t<\/div>\n\t\t<div class=\"elementor-element elementor-element-b1a1704 e-con-full e-flex e-con e-child\" data-id=\"b1a1704\" data-element_type=\"container\" data-e-type=\"container\" data-settings=\"{&quot;background_background&quot;:&quot;classic&quot;}\">\n\t\t<div class=\"elementor-element elementor-element-d225157 e-con-full e-flex e-con e-child\" data-id=\"d225157\" data-element_type=\"container\" data-e-type=\"container\" data-settings=\"{&quot;background_background&quot;:&quot;classic&quot;}\">\n\t\t\t\t<div class=\"elementor-element elementor-element-1d11a22 elementor-widget elementor-widget-heading\" data-id=\"1d11a22\" data-element_type=\"widget\" data-e-type=\"widget\" data-widget_type=\"heading.default\">\n\t\t\t\t\t<h2 class=\"elementor-heading-title elementor-size-default\"><a href=\"\/de\/p-s-margherita\/informationen\/der-strand\/\">Der Strand von P.S.Margherita<\/a><\/h2>\t\t\t\t<\/div>\n\t\t\t\t<\/div>\n\t\t\t\t<\/div>\n\t\t<div class=\"elementor-element elementor-element-4284ed3 e-con-full e-flex e-con e-child\" data-id=\"4284ed3\" data-element_type=\"container\" data-e-type=\"container\" data-settings=\"{&quot;background_background&quot;:&quot;classic&quot;}\">\n\t\t<div class=\"elementor-element elementor-element-f3c67ae e-con-full e-flex e-con e-child\" data-id=\"f3c67ae\" data-element_type=\"container\" data-e-type=\"container\" data-settings=\"{&quot;background_background&quot;:&quot;classic&quot;}\">\n\t\t\t\t<div class=\"elementor-element elementor-element-b4720bf elementor-widget elementor-widget-heading\" data-id=\"b4720bf\" data-element_type=\"widget\" data-e-type=\"widget\" data-widget_type=\"heading.default\">\n\t\t\t\t\t<h2 class=\"elementor-heading-title elementor-size-default\"><a href=\"\/de\/p-s-margherita\/informationen\/der-badeort\/\">Der Ferienort am Meer<\/a><\/h2>\t\t\t\t<\/div>\n\t\t\t\t<\/div>\n\t\t\t\t<\/div>\n\t\t<div class=\"elementor-element elementor-element-1ad29bd e-con-full e-flex e-con e-child\" data-id=\"1ad29bd\" data-element_type=\"container\" data-e-type=\"container\" data-settings=\"{&quot;background_background&quot;:&quot;classic&quot;}\">\n\t\t<div class=\"elementor-element elementor-element-e5c7c5f e-con-full e-flex e-con e-child\" data-id=\"e5c7c5f\" data-element_type=\"container\" data-e-type=\"container\" data-settings=\"{&quot;background_background&quot;:&quot;classic&quot;}\">\n\t\t\t\t<div class=\"elementor-element elementor-element-ac9a108 elementor-widget elementor-widget-heading\" data-id=\"ac9a108\" data-element_type=\"widget\" data-e-type=\"widget\" data-widget_type=\"heading.default\">\n\t\t\t\t\t<h2 class=\"elementor-heading-title elementor-size-default\"><a href=\"\/de\/p-s-margherita\/informationen\/das-meer-und-die-nautik\/\">Das Meer und die Schifffahrt<\/a><\/h2>\t\t\t\t<\/div>\n\t\t\t\t<\/div>\n\t\t\t\t<\/div>\n\t\t\t\t\t<\/div>\n\t\t\t\t<\/div>\n\t\t<div class=\"elementor-element elementor-element-021800f e-flex e-con-boxed e-con e-parent\" data-id=\"021800f\" data-element_type=\"container\" data-e-type=\"container\">\n\t\t\t\t\t<div class=\"e-con-inner\">\n\t\t<div class=\"elementor-element elementor-element-9e65971 e-con-full e-flex e-con e-child\" data-id=\"9e65971\" data-element_type=\"container\" data-e-type=\"container\" data-settings=\"{&quot;background_background&quot;:&quot;classic&quot;}\">\n\t\t<div class=\"elementor-element elementor-element-81c084c e-con-full e-flex e-con e-child\" data-id=\"81c084c\" data-element_type=\"container\" data-e-type=\"container\" data-settings=\"{&quot;background_background&quot;:&quot;classic&quot;}\">\n\t\t\t\t<div class=\"elementor-element elementor-element-92203a7 elementor-widget elementor-widget-heading\" data-id=\"92203a7\" data-element_type=\"widget\" data-e-type=\"widget\" data-widget_type=\"heading.default\">\n\t\t\t\t\t<h2 class=\"elementor-heading-title elementor-size-default\"><a href=\"\/de\/p-s-margherita\/informationen\/tradition-auf-dem-tisch\/\">Tradition bei Tisch<\/a><\/h2>\t\t\t\t<\/div>\n\t\t\t\t<\/div>\n\t\t\t\t<\/div>\n\t\t<div class=\"elementor-element elementor-element-8fbef42 e-con-full e-flex e-con e-child\" data-id=\"8fbef42\" data-element_type=\"container\" data-e-type=\"container\" data-settings=\"{&quot;background_background&quot;:&quot;classic&quot;}\">\n\t\t<div class=\"elementor-element elementor-element-74a9763 e-con-full e-flex e-con e-child\" data-id=\"74a9763\" data-element_type=\"container\" data-e-type=\"container\" data-settings=\"{&quot;background_background&quot;:&quot;classic&quot;}\">\n\t\t\t\t<div class=\"elementor-element elementor-element-d57bb29 elementor-widget elementor-widget-heading\" data-id=\"d57bb29\" data-element_type=\"widget\" data-e-type=\"widget\" data-widget_type=\"heading.default\">\n\t\t\t\t\t<h2 class=\"elementor-heading-title elementor-size-default\"><a href=\"\/de\/p-s-margherita\/informationen\/unterwegs-in-porto-santa-margherita\/\">Aktivit\u00e4ten in Porto Santa Margherita<\/a><\/h2>\t\t\t\t<\/div>\n\t\t\t\t<\/div>\n\t\t\t\t<\/div>\n\t\t\t\t\t<\/div>\n\t\t\t\t<\/div>\n\t\t<div class=\"elementor-element elementor-element-6f24b67 e-flex e-con-boxed e-con e-parent\" data-id=\"6f24b67\" data-element_type=\"container\" data-e-type=\"container\">\n\t\t\t\t\t<div class=\"e-con-inner\">\n\t\t<div class=\"elementor-element elementor-element-11aa70a e-con-full e-flex e-con e-child\" data-id=\"11aa70a\" data-element_type=\"container\" data-e-type=\"container\" data-settings=\"{&quot;background_background&quot;:&quot;classic&quot;}\">\n\t\t<div class=\"elementor-element elementor-element-6a8ecb8 e-con-full e-flex e-con e-child\" data-id=\"6a8ecb8\" data-element_type=\"container\" data-e-type=\"container\" data-settings=\"{&quot;background_background&quot;:&quot;classic&quot;}\">\n\t\t\t\t<div class=\"elementor-element elementor-element-a8ce10d elementor-widget elementor-widget-heading\" data-id=\"a8ce10d\" data-element_type=\"widget\" data-e-type=\"widget\" data-widget_type=\"heading.default\">\n\t\t\t\t\t<h2 class=\"elementor-heading-title elementor-size-default\"><a href=\"https:\/\/www.lampo.it\/de\/p-s-margherita\/wohnstrukturen-und-preise\/\">Ferienwohnungen Porto Santa Margherita<\/a><\/h2>\t\t\t\t<\/div>\n\t\t\t\t<\/div>\n\t\t\t\t<\/div>\n\t\t<div class=\"elementor-element elementor-element-6db33ca e-con-full e-flex e-con e-child\" data-id=\"6db33ca\" data-element_type=\"container\" data-e-type=\"container\" data-settings=\"{&quot;background_background&quot;:&quot;classic&quot;}\">\n\t\t<div class=\"elementor-element elementor-element-4d59615 e-con-full e-flex e-con e-child\" data-id=\"4d59615\" data-element_type=\"container\" data-e-type=\"container\" data-settings=\"{&quot;background_background&quot;:&quot;classic&quot;}\">\n\t\t\t\t<div class=\"elementor-element elementor-element-118eac6 elementor-widget elementor-widget-heading\" data-id=\"118eac6\" data-element_type=\"widget\" data-e-type=\"widget\" data-widget_type=\"heading.default\">\n\t\t\t\t\t<h2 class=\"elementor-heading-title elementor-size-default\"><a href=\"\/de\/p-s-margherita\/informationen\/nutzliche-telefonnummern\/\">Infos und n\u00fctzliche Nummern<\/a><\/h2>\t\t\t\t<\/div>\n\t\t\t\t<\/div>\n\t\t\t\t<\/div>\n\t\t\t\t\t<\/div>\n\t\t\t\t<\/div>\n\t\t<div class=\"elementor-element elementor-element-b56c0e1 e-con-full e-flex e-con e-parent\" data-id=\"b56c0e1\" data-element_type=\"container\" data-e-type=\"container\" data-settings=\"{&quot;background_background&quot;:&quot;classic&quot;}\">\n\t\t\t\t<div class=\"elementor-element elementor-element-cf0e635 elementor-widget elementor-widget-heading\" data-id=\"cf0e635\" data-element_type=\"widget\" data-e-type=\"widget\" data-widget_type=\"heading.default\">\n\t\t\t\t\t<h2 class=\"elementor-heading-title elementor-size-default\">Kontakt Lampo PS Margherita<\/h2>\t\t\t\t<\/div>\n\t\t\t\t<div class=\"elementor-element elementor-element-ff4ca3c elementor-widget elementor-widget-text-editor\" data-id=\"ff4ca3c\" data-element_type=\"widget\" data-e-type=\"widget\" data-widget_type=\"text-editor.default\">\n\t\t\t\t\t\t\t\t\t<main id=\"main-content\"><\/main><section class=\"prefooter\"><div class=\"container\"><div class=\"contact-block\"><p style=\"text-align: center;\">Unsere Filialen in Porto Santa Margherita stehen Ihnen f\u00fcr Fragen zur Verf\u00fcgung und helfen Ihnen bei der Buchung von Aufenthalten und Ausfl\u00fcgen in der Region.<\/p><\/div><\/div><\/section>\t\t\t\t\t\t\t\t<\/div>\n\t\t\t\t<div class=\"elementor-element elementor-element-281fd74 elementor-align-center elementor-mobile-align-center elementor-widget elementor-widget-button\" data-id=\"281fd74\" data-element_type=\"widget\" data-e-type=\"widget\" data-settings=\"{&quot;_animation&quot;:&quot;none&quot;}\" data-widget_type=\"button.default\">\n\t\t\t\t\t\t\t\t\t\t<a class=\"elementor-button elementor-button-link elementor-size-sm elementor-animation-shrink\" href=\"\/de\/p-s-margherita\/kontakte\/\">\n\t\t\t\t\t\t<span class=\"elementor-button-content-wrapper\">\n\t\t\t\t\t\t\t\t\t<span class=\"elementor-button-text\">Kontaktieren Sie uns<\/span>\n\t\t\t\t\t<\/span>\n\t\t\t\t\t<\/a>\n\t\t\t\t\t\t\t\t<\/div>\n\t\t\t\t<\/div>\n\t\t\t\t<\/div>\n\t\t","protected":false},"excerpt":{"rendered":"<p>Information Porto Santa Margherita Porto Santa Margherita ist ein kleines St\u00e4dtchen mit Blick auf die azurblaue Adria, mit einem Strand, der mit Sonnenschirmen und Liegen ausgestattet ist, sowie mit Kiosken, [&hellip;]<\/p>\n","protected":false},"author":1,"featured_media":3186617,"parent":3186579,"menu_order":0,"comment_status":"closed","ping_status":"closed","template":"","meta":{"footnotes":""},"locations":[],"class_list":["post-3186620","page","type-page","status-publish","has-post-thumbnail","hentry"],"yoast_head":"<!-- This site is optimized with the Yoast SEO plugin v27.5 - https:\/\/yoast.com\/product\/yoast-seo-wordpress\/ -->\n<title>PS Margherita Informationen: was zu tun - Agenzia Lampo<\/title>\n<meta name=\"description\" content=\"Finden Sie hier unsere besten Angebote und Aktionen f\u00fcr Ihren Badeurlaub in Porto Santa Margherita, ein Touristenort f\u00fcr alle.\" \/>\n<meta name=\"robots\" content=\"index, follow, max-snippet:-1, max-image-preview:large, max-video-preview:-1\" \/>\n<link rel=\"canonical\" href=\"https:\/\/www.lampo.it\/de\/p-s-margherita\/informationen\/\" \/>\n<meta property=\"og:locale\" content=\"de_DE\" \/>\n<meta property=\"og:type\" content=\"article\" \/>\n<meta property=\"og:title\" content=\"PS Margherita Informationen: was zu tun - Agenzia Lampo\" \/>\n<meta property=\"og:description\" content=\"Finden Sie hier unsere besten Angebote und Aktionen f\u00fcr Ihren Badeurlaub in Porto Santa Margherita, ein Touristenort f\u00fcr alle.\" \/>\n<meta property=\"og:url\" content=\"https:\/\/www.lampo.it\/de\/p-s-margherita\/informationen\/\" \/>\n<meta property=\"og:site_name\" content=\"Agenzia Lampo\" \/>\n<meta property=\"article:modified_time\" content=\"2025-11-18T16:45:05+00:00\" \/>\n<meta property=\"og:image\" content=\"https:\/\/www.lampo.it\/wp-content\/uploads\/2025\/10\/PS-Margherita.jpg\" \/>\n\t<meta property=\"og:image:width\" content=\"700\" \/>\n\t<meta property=\"og:image:height\" content=\"700\" \/>\n\t<meta property=\"og:image:type\" content=\"image\/jpeg\" \/>\n<meta name=\"twitter:card\" content=\"summary_large_image\" \/>\n<meta name=\"twitter:label1\" content=\"Gesch\u00e4tzte Lesezeit\" \/>\n\t<meta name=\"twitter:data1\" content=\"1\u00a0Minute\" \/>\n<script type=\"application\/ld+json\" class=\"yoast-schema-graph\">{\"@context\":\"https:\\\/\\\/schema.org\",\"@graph\":[{\"@type\":\"WebPage\",\"@id\":\"https:\\\/\\\/www.lampo.it\\\/de\\\/p-s-margherita\\\/informationen\\\/\",\"url\":\"https:\\\/\\\/www.lampo.it\\\/de\\\/p-s-margherita\\\/informationen\\\/\",\"name\":\"PS Margherita Informationen: was zu tun - Agenzia Lampo\",\"isPartOf\":{\"@id\":\"https:\\\/\\\/www.lampo.it\\\/#website\"},\"primaryImageOfPage\":{\"@id\":\"https:\\\/\\\/www.lampo.it\\\/de\\\/p-s-margherita\\\/informationen\\\/#primaryimage\"},\"image\":{\"@id\":\"https:\\\/\\\/www.lampo.it\\\/de\\\/p-s-margherita\\\/informationen\\\/#primaryimage\"},\"thumbnailUrl\":\"https:\\\/\\\/www.lampo.it\\\/wp-content\\\/uploads\\\/2025\\\/10\\\/PS-Margherita.jpg\",\"datePublished\":\"2025-10-27T07:57:09+00:00\",\"dateModified\":\"2025-11-18T16:45:05+00:00\",\"description\":\"Finden Sie hier unsere besten Angebote und Aktionen f\u00fcr Ihren Badeurlaub in Porto Santa Margherita, ein Touristenort f\u00fcr alle.\",\"breadcrumb\":{\"@id\":\"https:\\\/\\\/www.lampo.it\\\/de\\\/p-s-margherita\\\/informationen\\\/#breadcrumb\"},\"inLanguage\":\"de\",\"potentialAction\":[{\"@type\":\"ReadAction\",\"target\":[\"https:\\\/\\\/www.lampo.it\\\/de\\\/p-s-margherita\\\/informationen\\\/\"]}]},{\"@type\":\"ImageObject\",\"inLanguage\":\"de\",\"@id\":\"https:\\\/\\\/www.lampo.it\\\/de\\\/p-s-margherita\\\/informationen\\\/#primaryimage\",\"url\":\"https:\\\/\\\/www.lampo.it\\\/wp-content\\\/uploads\\\/2025\\\/10\\\/PS-Margherita.jpg\",\"contentUrl\":\"https:\\\/\\\/www.lampo.it\\\/wp-content\\\/uploads\\\/2025\\\/10\\\/PS-Margherita.jpg\",\"width\":700,\"height\":700},{\"@type\":\"BreadcrumbList\",\"@id\":\"https:\\\/\\\/www.lampo.it\\\/de\\\/p-s-margherita\\\/informationen\\\/#breadcrumb\",\"itemListElement\":[{\"@type\":\"ListItem\",\"position\":1,\"name\":\"Home\",\"item\":\"https:\\\/\\\/www.lampo.it\\\/\"},{\"@type\":\"ListItem\",\"position\":2,\"name\":\"P S Margherita\",\"item\":\"https:\\\/\\\/www.lampo.it\\\/de\\\/p-s-margherita\\\/\"},{\"@type\":\"ListItem\",\"position\":3,\"name\":\"Informationen\"}]},{\"@type\":\"WebSite\",\"@id\":\"https:\\\/\\\/www.lampo.it\\\/#website\",\"url\":\"https:\\\/\\\/www.lampo.it\\\/\",\"name\":\"Agenzia Lampo\",\"description\":\"Agenzia Lampo. Affitti brevi sulla Costa Veneta\",\"publisher\":{\"@id\":\"https:\\\/\\\/www.lampo.it\\\/#organization\"},\"potentialAction\":[{\"@type\":\"SearchAction\",\"target\":{\"@type\":\"EntryPoint\",\"urlTemplate\":\"https:\\\/\\\/www.lampo.it\\\/?s={search_term_string}\"},\"query-input\":{\"@type\":\"PropertyValueSpecification\",\"valueRequired\":true,\"valueName\":\"search_term_string\"}}],\"inLanguage\":\"de\"},{\"@type\":\"Organization\",\"@id\":\"https:\\\/\\\/www.lampo.it\\\/#organization\",\"name\":\"Agenzia Lampo\",\"url\":\"https:\\\/\\\/www.lampo.it\\\/\",\"logo\":{\"@type\":\"ImageObject\",\"inLanguage\":\"de\",\"@id\":\"https:\\\/\\\/www.lampo.it\\\/#\\\/schema\\\/logo\\\/image\\\/\",\"url\":\"https:\\\/\\\/www.lampo.it\\\/wp-content\\\/uploads\\\/2025\\\/07\\\/logo-lampo_ok_2012.png\",\"contentUrl\":\"https:\\\/\\\/www.lampo.it\\\/wp-content\\\/uploads\\\/2025\\\/07\\\/logo-lampo_ok_2012.png\",\"width\":349,\"height\":137,\"caption\":\"Agenzia Lampo\"},\"image\":{\"@id\":\"https:\\\/\\\/www.lampo.it\\\/#\\\/schema\\\/logo\\\/image\\\/\"}}]}<\/script>\n<!-- \/ Yoast SEO plugin. -->","yoast_head_json":{"title":"PS Margherita Informationen: was zu tun - Agenzia Lampo","description":"Finden Sie hier unsere besten Angebote und Aktionen f\u00fcr Ihren Badeurlaub in Porto Santa Margherita, ein Touristenort f\u00fcr alle.","robots":{"index":"index","follow":"follow","max-snippet":"max-snippet:-1","max-image-preview":"max-image-preview:large","max-video-preview":"max-video-preview:-1"},"canonical":"https:\/\/www.lampo.it\/de\/p-s-margherita\/informationen\/","og_locale":"de_DE","og_type":"article","og_title":"PS Margherita Informationen: was zu tun - Agenzia Lampo","og_description":"Finden Sie hier unsere besten Angebote und Aktionen f\u00fcr Ihren Badeurlaub in Porto Santa Margherita, ein Touristenort f\u00fcr alle.","og_url":"https:\/\/www.lampo.it\/de\/p-s-margherita\/informationen\/","og_site_name":"Agenzia Lampo","article_modified_time":"2025-11-18T16:45:05+00:00","og_image":[{"width":700,"height":700,"url":"https:\/\/www.lampo.it\/wp-content\/uploads\/2025\/10\/PS-Margherita.jpg","type":"image\/jpeg"}],"twitter_card":"summary_large_image","twitter_misc":{"Gesch\u00e4tzte Lesezeit":"1\u00a0Minute"},"schema":{"@context":"https:\/\/schema.org","@graph":[{"@type":"WebPage","@id":"https:\/\/www.lampo.it\/de\/p-s-margherita\/informationen\/","url":"https:\/\/www.lampo.it\/de\/p-s-margherita\/informationen\/","name":"PS Margherita Informationen: was zu tun - Agenzia Lampo","isPartOf":{"@id":"https:\/\/www.lampo.it\/#website"},"primaryImageOfPage":{"@id":"https:\/\/www.lampo.it\/de\/p-s-margherita\/informationen\/#primaryimage"},"image":{"@id":"https:\/\/www.lampo.it\/de\/p-s-margherita\/informationen\/#primaryimage"},"thumbnailUrl":"https:\/\/www.lampo.it\/wp-content\/uploads\/2025\/10\/PS-Margherita.jpg","datePublished":"2025-10-27T07:57:09+00:00","dateModified":"2025-11-18T16:45:05+00:00","description":"Finden Sie hier unsere besten Angebote und Aktionen f\u00fcr Ihren Badeurlaub in Porto Santa Margherita, ein Touristenort f\u00fcr alle.","breadcrumb":{"@id":"https:\/\/www.lampo.it\/de\/p-s-margherita\/informationen\/#breadcrumb"},"inLanguage":"de","potentialAction":[{"@type":"ReadAction","target":["https:\/\/www.lampo.it\/de\/p-s-margherita\/informationen\/"]}]},{"@type":"ImageObject","inLanguage":"de","@id":"https:\/\/www.lampo.it\/de\/p-s-margherita\/informationen\/#primaryimage","url":"https:\/\/www.lampo.it\/wp-content\/uploads\/2025\/10\/PS-Margherita.jpg","contentUrl":"https:\/\/www.lampo.it\/wp-content\/uploads\/2025\/10\/PS-Margherita.jpg","width":700,"height":700},{"@type":"BreadcrumbList","@id":"https:\/\/www.lampo.it\/de\/p-s-margherita\/informationen\/#breadcrumb","itemListElement":[{"@type":"ListItem","position":1,"name":"Home","item":"https:\/\/www.lampo.it\/"},{"@type":"ListItem","position":2,"name":"P S Margherita","item":"https:\/\/www.lampo.it\/de\/p-s-margherita\/"},{"@type":"ListItem","position":3,"name":"Informationen"}]},{"@type":"WebSite","@id":"https:\/\/www.lampo.it\/#website","url":"https:\/\/www.lampo.it\/","name":"Agenzia Lampo","description":"Agenzia Lampo. Affitti brevi sulla Costa Veneta","publisher":{"@id":"https:\/\/www.lampo.it\/#organization"},"potentialAction":[{"@type":"SearchAction","target":{"@type":"EntryPoint","urlTemplate":"https:\/\/www.lampo.it\/?s={search_term_string}"},"query-input":{"@type":"PropertyValueSpecification","valueRequired":true,"valueName":"search_term_string"}}],"inLanguage":"de"},{"@type":"Organization","@id":"https:\/\/www.lampo.it\/#organization","name":"Agenzia Lampo","url":"https:\/\/www.lampo.it\/","logo":{"@type":"ImageObject","inLanguage":"de","@id":"https:\/\/www.lampo.it\/#\/schema\/logo\/image\/","url":"https:\/\/www.lampo.it\/wp-content\/uploads\/2025\/07\/logo-lampo_ok_2012.png","contentUrl":"https:\/\/www.lampo.it\/wp-content\/uploads\/2025\/07\/logo-lampo_ok_2012.png","width":349,"height":137,"caption":"Agenzia Lampo"},"image":{"@id":"https:\/\/www.lampo.it\/#\/schema\/logo\/image\/"}}]}},"_links":{"self":[{"href":"https:\/\/www.lampo.it\/de\/wp-json\/wp\/v2\/pages\/3186620","targetHints":{"allow":["GET"]}}],"collection":[{"href":"https:\/\/www.lampo.it\/de\/wp-json\/wp\/v2\/pages"}],"about":[{"href":"https:\/\/www.lampo.it\/de\/wp-json\/wp\/v2\/types\/page"}],"author":[{"embeddable":true,"href":"https:\/\/www.lampo.it\/de\/wp-json\/wp\/v2\/users\/1"}],"replies":[{"embeddable":true,"href":"https:\/\/www.lampo.it\/de\/wp-json\/wp\/v2\/comments?post=3186620"}],"version-history":[{"count":7,"href":"https:\/\/www.lampo.it\/de\/wp-json\/wp\/v2\/pages\/3186620\/revisions"}],"predecessor-version":[{"id":3195258,"href":"https:\/\/www.lampo.it\/de\/wp-json\/wp\/v2\/pages\/3186620\/revisions\/3195258"}],"up":[{"embeddable":true,"href":"https:\/\/www.lampo.it\/de\/wp-json\/wp\/v2\/pages\/3186579"}],"wp:featuredmedia":[{"embeddable":true,"href":"https:\/\/www.lampo.it\/de\/wp-json\/wp\/v2\/media\/3186617"}],"wp:attachment":[{"href":"https:\/\/www.lampo.it\/de\/wp-json\/wp\/v2\/media?parent=3186620"}],"wp:term":[{"taxonomy":"locations","embeddable":true,"href":"https:\/\/www.lampo.it\/de\/wp-json\/wp\/v2\/locations?post=3186620"}],"curies":[{"name":"wp","href":"https:\/\/api.w.org\/{rel}","templated":true}]}}