{"id":3186659,"date":"2025-10-24T07:34:22","date_gmt":"2025-10-24T07:34:22","guid":{"rendered":"https:\/\/demo-333.avantio.dev\/altanea\/informationen\/in-menschlichem-massstab\/"},"modified":"2025-11-17T15:20:54","modified_gmt":"2025-11-17T15:20:54","slug":"menschengerecht","status":"publish","type":"page","link":"https:\/\/www.lampo.it\/de\/altanea\/informationen\/menschengerecht\/","title":{"rendered":"In menschlichem Ma\u00dfstab"},"content":{"rendered":"\t\t<div data-elementor-type=\"wp-page\" data-elementor-id=\"3186659\" class=\"elementor elementor-3186659 elementor-3185192\" data-elementor-post-type=\"page\">\n\t\t\t\t<div class=\"elementor-element elementor-element-68f9a9ce e-flex e-con-boxed e-con e-parent\" data-id=\"68f9a9ce\" data-element_type=\"container\" data-e-type=\"container\" data-settings=\"{&quot;background_background&quot;:&quot;classic&quot;}\">\n\t\t\t\t\t<div class=\"e-con-inner\">\n\t\t<div class=\"elementor-element elementor-element-3f6e14fd e-con-full e-flex e-con e-child\" data-id=\"3f6e14fd\" data-element_type=\"container\" data-e-type=\"container\">\n\t\t\t\t<div class=\"elementor-element elementor-element-238fb4c3 elementor-invisible elementor-widget elementor-widget-heading\" data-id=\"238fb4c3\" data-element_type=\"widget\" data-e-type=\"widget\" data-settings=\"{&quot;_animation&quot;:&quot;fadeIn&quot;}\" data-widget_type=\"heading.default\">\n\t\t\t\t\t<h1 class=\"elementor-heading-title elementor-size-default\">In menschlichem Ma\u00dfstab<\/h1>\t\t\t\t<\/div>\n\t\t\t\t<div class=\"elementor-element elementor-element-2344ca4a elementor-widget__width-initial elementor-widget-mobile__width-inherit elementor-invisible elementor-widget elementor-widget-text-editor\" data-id=\"2344ca4a\" data-element_type=\"widget\" data-e-type=\"widget\" data-settings=\"{&quot;_animation&quot;:&quot;fadeIn&quot;,&quot;_animation_delay&quot;:&quot;200&quot;}\" data-widget_type=\"text-editor.default\">\n\t\t\t\t\t\t\t\t\t<p class=\"subtitle\">Komfort und Aufmerksamkeit f\u00fcr den Touristen<\/p>\t\t\t\t\t\t\t\t<\/div>\n\t\t\t\t<\/div>\n\t\t\t\t\t<\/div>\n\t\t\t\t<\/div>\n\t\t<div class=\"elementor-element elementor-element-7efdafd0 e-flex e-con-boxed e-con e-parent\" data-id=\"7efdafd0\" data-element_type=\"container\" data-e-type=\"container\">\n\t\t\t\t\t<div class=\"e-con-inner\">\n\t\t<div class=\"elementor-element elementor-element-150167c2 e-con-full e-flex e-con e-child\" data-id=\"150167c2\" data-element_type=\"container\" data-e-type=\"container\">\n\t\t\t\t<div class=\"elementor-element elementor-element-1d66ca8a elementor-widget__width-initial elementor-widget-mobile__width-inherit elementor-invisible elementor-widget elementor-widget-heading\" data-id=\"1d66ca8a\" data-element_type=\"widget\" data-e-type=\"widget\" data-settings=\"{&quot;_animation&quot;:&quot;fadeIn&quot;}\" data-widget_type=\"heading.default\">\n\t\t\t\t\t<h2 class=\"elementor-heading-title elementor-size-default\">Entspannung und Wellness im Gr\u00fcnen von Lido Altanea<\/h2>\t\t\t\t<\/div>\n\t\t\t\t<div class=\"elementor-element elementor-element-5c62b481 elementor-widget-tablet__width-initial elementor-widget__width-initial elementor-widget-mobile__width-inherit elementor-invisible elementor-widget elementor-widget-text-editor\" data-id=\"5c62b481\" data-element_type=\"widget\" data-e-type=\"widget\" data-settings=\"{&quot;_animation&quot;:&quot;fadeIn&quot;,&quot;_animation_delay&quot;:&quot;200&quot;}\" data-widget_type=\"text-editor.default\">\n\t\t\t\t\t\t\t\t\t<div class=\"clearfix sm-flex flex-center py2 custom-cols\"><div class=\"col col-12 sm-col-6 right custom-col-right\"><p>Ein qualifizierendes Element f\u00fcr den Lido Altanea-Komplex ist die &#8218;Lebensqualit\u00e4t&#8216; im Sinne der Entspannung und des Wohlbefindens, die man durch einen Urlaub erlangen kann.<\/p><p>Ein Aufenthalt in Altanea ist voller Komfort und Aufmerksamkeit; Dienstleistungen und moderne Technologie stehen den Touristen zur Verf\u00fcgung, damit ihr Urlaub in einer Umgebung im Gr\u00fcnen und mit kristallklarem Wasser, das Jahr f\u00fcr Jahr die Auszeichnung mit der Blauen Flagge verdient, wirklich erf\u00fcllend ist.<\/p><p>Die Stille und Ruhe, die Sie in diesem Badeort genie\u00dfen k\u00f6nnen, beleben Geist und Seele und sind f\u00fcr alle von Vorteil.<\/p><\/div><\/div>\t\t\t\t\t\t\t\t<\/div>\n\t\t\t\t<\/div>\n\t\t<div class=\"elementor-element elementor-element-49040b02 e-con-full e-flex elementor-invisible e-con e-child\" data-id=\"49040b02\" data-element_type=\"container\" data-e-type=\"container\" data-settings=\"{&quot;animation&quot;:&quot;fadeIn&quot;}\">\n\t\t\t\t<div class=\"elementor-element elementor-element-bfcf054 elementor-widget elementor-widget-image\" data-id=\"bfcf054\" data-element_type=\"widget\" data-e-type=\"widget\" data-widget_type=\"image.default\">\n\t\t\t\t\t\t\t\t\t\t\t\t\t\t\t<img fetchpriority=\"high\" decoding=\"async\" width=\"700\" height=\"700\" src=\"https:\/\/www.lampo.it\/wp-content\/uploads\/2025\/10\/altanea-benessere.jpg\" class=\"attachment-full size-full wp-image-3186656\" alt=\"Altanea wellness\" srcset=\"https:\/\/www.lampo.it\/wp-content\/uploads\/2025\/10\/altanea-benessere.jpg 700w, https:\/\/www.lampo.it\/wp-content\/uploads\/2025\/10\/altanea-benessere-300x300.jpg 300w, https:\/\/www.lampo.it\/wp-content\/uploads\/2025\/10\/altanea-benessere-150x150.jpg 150w\" sizes=\"(max-width: 700px) 100vw, 700px\" \/>\t\t\t\t\t\t\t\t\t\t\t\t\t\t\t<\/div>\n\t\t\t\t<\/div>\n\t\t\t\t\t<\/div>\n\t\t\t\t<\/div>\n\t\t<div class=\"elementor-element elementor-element-ed229c5 e-flex e-con-boxed e-con e-parent\" data-id=\"ed229c5\" data-element_type=\"container\" data-e-type=\"container\">\n\t\t\t\t\t<div class=\"e-con-inner\">\n\t\t<div class=\"elementor-element elementor-element-f86b20c e-con-full e-flex elementor-invisible e-con e-child\" data-id=\"f86b20c\" data-element_type=\"container\" data-e-type=\"container\" data-settings=\"{&quot;animation&quot;:&quot;fadeIn&quot;}\">\n\t\t\t\t<div class=\"elementor-element elementor-element-e3bf6a1 elementor-widget elementor-widget-image\" data-id=\"e3bf6a1\" data-element_type=\"widget\" data-e-type=\"widget\" data-widget_type=\"image.default\">\n\t\t\t\t\t\t\t\t\t\t\t\t\t\t\t<img decoding=\"async\" width=\"700\" height=\"700\" src=\"https:\/\/www.lampo.it\/wp-content\/uploads\/2025\/10\/residenze-lido-altanea-lampo.jpg\" class=\"attachment-full size-full wp-image-3186657\" alt=\"Residenzen Lido di Altanea\" srcset=\"https:\/\/www.lampo.it\/wp-content\/uploads\/2025\/10\/residenze-lido-altanea-lampo.jpg 700w, https:\/\/www.lampo.it\/wp-content\/uploads\/2025\/10\/residenze-lido-altanea-lampo-300x300.jpg 300w, https:\/\/www.lampo.it\/wp-content\/uploads\/2025\/10\/residenze-lido-altanea-lampo-150x150.jpg 150w\" sizes=\"(max-width: 700px) 100vw, 700px\" \/>\t\t\t\t\t\t\t\t\t\t\t\t\t\t\t<\/div>\n\t\t\t\t<\/div>\n\t\t<div class=\"elementor-element elementor-element-a9370d4 e-con-full e-flex e-con e-child\" data-id=\"a9370d4\" data-element_type=\"container\" data-e-type=\"container\">\n\t\t\t\t<div class=\"elementor-element elementor-element-8b8f739 elementor-widget__width-initial elementor-widget-mobile__width-inherit elementor-invisible elementor-widget elementor-widget-heading\" data-id=\"8b8f739\" data-element_type=\"widget\" data-e-type=\"widget\" data-settings=\"{&quot;_animation&quot;:&quot;fadeIn&quot;}\" data-widget_type=\"heading.default\">\n\t\t\t\t\t<h2 class=\"elementor-heading-title elementor-size-default\">Architektur f\u00fcr das Wohlbefinden<\/h2>\t\t\t\t<\/div>\n\t\t\t\t<div class=\"elementor-element elementor-element-171ee26 elementor-widget-tablet__width-initial elementor-widget__width-initial elementor-widget-mobile__width-inherit elementor-invisible elementor-widget elementor-widget-text-editor\" data-id=\"171ee26\" data-element_type=\"widget\" data-e-type=\"widget\" data-settings=\"{&quot;_animation&quot;:&quot;fadeIn&quot;,&quot;_animation_delay&quot;:&quot;200&quot;}\" data-widget_type=\"text-editor.default\">\n\t\t\t\t\t\t\t\t\t<p>Die barrierefreien Geb\u00e4ude wurden mit dem Ziel einer hohen Urlaubsqualit\u00e4t entworfen und gebaut.<\/p><p>Aus diesem Grund entwickeln sich die Wohnstrukturen nicht in die H\u00f6he, sondern verteilen sich harmonisch auf Geb\u00e4ude mit wenigen Stockwerken, die meist aus zweist\u00f6ckigen H\u00e4usern mit gro\u00dfz\u00fcgigen G\u00e4rten und gro\u00dfen zentralen Swimmingpools bestehen.<\/p><p>\u00dcberall wurden viele hohe B\u00e4ume gepflanzt, Hecken, Rasenfl\u00e4chen und Blumenbeete angelegt, die zusammen das Gel\u00e4nde zu einer Oase der absoluten Entspannung machen.<\/p>\t\t\t\t\t\t\t\t<\/div>\n\t\t\t\t<\/div>\n\t\t\t\t\t<\/div>\n\t\t\t\t<\/div>\n\t\t<div class=\"elementor-element elementor-element-5d316dd8 e-con-full jkit-sticky-element--enabled e-flex jkit-sticky-element-on--down jkit-sticky-position--sticky e-con e-parent\" data-id=\"5d316dd8\" data-element_type=\"container\" data-e-type=\"container\" data-settings=\"{&quot;background_background&quot;:&quot;classic&quot;,&quot;jkit_sticky_top_position&quot;:{&quot;unit&quot;:&quot;px&quot;,&quot;size&quot;:&quot;&quot;,&quot;sizes&quot;:[]},&quot;jkit_sticky_device&quot;:&quot;desktop&quot;}\">\n\t\t\t\t<div class=\"elementor-element elementor-element-648310d8 elementor-widget__width-initial elementor-widget-mobile__width-inherit elementor-invisible elementor-widget elementor-widget-heading\" data-id=\"648310d8\" data-element_type=\"widget\" data-e-type=\"widget\" data-settings=\"{&quot;_animation&quot;:&quot;fadeIn&quot;}\" data-widget_type=\"heading.default\">\n\t\t\t\t\t<h2 class=\"elementor-heading-title elementor-size-default\">Buchen Sie Ihren Urlaub in Lido di Altanea<\/h2>\t\t\t\t<\/div>\n\t\t\t\t<div class=\"elementor-element elementor-element-713fff3 elementor-widget__width-initial elementor-widget-mobile__width-inherit elementor-invisible elementor-widget elementor-widget-text-editor\" data-id=\"713fff3\" data-element_type=\"widget\" data-e-type=\"widget\" data-settings=\"{&quot;_animation&quot;:&quot;fadeIn&quot;,&quot;_animation_delay&quot;:&quot;200&quot;}\" data-widget_type=\"text-editor.default\">\n\t\t\t\t\t\t\t\t\t<p>Wir bieten Ihnen eine gro\u00dfe Auswahl an Unterk\u00fcnften f\u00fcr Ihren Urlaub in Altanea. Au\u00dferdem versorgen wir Sie mit allen touristischen Informationen \u00fcber die Region, damit Sie nichts verpassen. <\/p>\t\t\t\t\t\t\t\t<\/div>\n\t\t<div class=\"elementor-element elementor-element-8b24b95 e-grid e-con-boxed e-con e-child\" data-id=\"8b24b95\" data-element_type=\"container\" data-e-type=\"container\">\n\t\t\t\t\t<div class=\"e-con-inner\">\n\t\t\t\t<div class=\"elementor-element elementor-element-0379c9d elementor-align-center elementor-mobile-align-center elementor-widget elementor-widget-button\" data-id=\"0379c9d\" data-element_type=\"widget\" data-e-type=\"widget\" data-settings=\"{&quot;_animation&quot;:&quot;none&quot;}\" data-widget_type=\"button.default\">\n\t\t\t\t\t\t\t\t\t\t<a class=\"elementor-button elementor-button-link elementor-size-sm elementor-animation-shrink\" href=\"\/de\/altanea\/wohnstrukturen-und-preise\/\">\n\t\t\t\t\t\t<span class=\"elementor-button-content-wrapper\">\n\t\t\t\t\t\t\t\t\t<span class=\"elementor-button-text\">Einrichtungen in Altanea<\/span>\n\t\t\t\t\t<\/span>\n\t\t\t\t\t<\/a>\n\t\t\t\t\t\t\t\t<\/div>\n\t\t\t\t<div class=\"elementor-element elementor-element-f39f5d9 elementor-align-center elementor-mobile-align-center elementor-widget elementor-widget-button\" data-id=\"f39f5d9\" data-element_type=\"widget\" data-e-type=\"widget\" data-settings=\"{&quot;_animation&quot;:&quot;none&quot;}\" data-widget_type=\"button.default\">\n\t\t\t\t\t\t\t\t\t\t<a class=\"elementor-button elementor-button-link elementor-size-sm elementor-animation-shrink\" href=\"\/de\/altanea\/informationen\/\">\n\t\t\t\t\t\t<span class=\"elementor-button-content-wrapper\">\n\t\t\t\t\t\t\t\t\t<span class=\"elementor-button-text\">\u00dcber Altanea<\/span>\n\t\t\t\t\t<\/span>\n\t\t\t\t\t<\/a>\n\t\t\t\t\t\t\t\t<\/div>\n\t\t\t\t<div class=\"elementor-element elementor-element-b62a88c elementor-align-center elementor-mobile-align-center elementor-widget elementor-widget-button\" data-id=\"b62a88c\" data-element_type=\"widget\" data-e-type=\"widget\" data-settings=\"{&quot;_animation&quot;:&quot;none&quot;}\" data-widget_type=\"button.default\">\n\t\t\t\t\t\t\t\t\t\t<a class=\"elementor-button elementor-button-link elementor-size-sm elementor-animation-shrink\" href=\"\/de\/tag\/altanea-de\/\">\n\t\t\t\t\t\t<span class=\"elementor-button-content-wrapper\">\n\t\t\t\t\t\t\t\t\t<span class=\"elementor-button-text\">Veranstaltungen in Altanea<\/span>\n\t\t\t\t\t<\/span>\n\t\t\t\t\t<\/a>\n\t\t\t\t\t\t\t\t<\/div>\n\t\t\t\t\t<\/div>\n\t\t\t\t<\/div>\n\t\t\t\t<\/div>\n\t\t<div class=\"elementor-element elementor-element-3a4fa49d e-con-full e-flex e-con e-parent\" data-id=\"3a4fa49d\" data-element_type=\"container\" data-e-type=\"container\" data-settings=\"{&quot;background_background&quot;:&quot;classic&quot;}\">\n\t\t\t\t<div class=\"elementor-element elementor-element-1131316 elementor-widget elementor-widget-heading\" data-id=\"1131316\" data-element_type=\"widget\" data-e-type=\"widget\" data-widget_type=\"heading.default\">\n\t\t\t\t\t<h2 class=\"elementor-heading-title elementor-size-default\">Kontakt Lampo Altanea<\/h2>\t\t\t\t<\/div>\n\t\t\t\t<div class=\"elementor-element elementor-element-74b0cc55 elementor-widget elementor-widget-text-editor\" data-id=\"74b0cc55\" data-element_type=\"widget\" data-e-type=\"widget\" data-widget_type=\"text-editor.default\">\n\t\t\t\t\t\t\t\t\t<main id=\"main-content\"><\/main><section class=\"prefooter\"><div class=\"container\"><div class=\"contact-block\"><p style=\"text-align: center;\">Unsere Filialen in Altanea beantworten gerne Ihre Fragen und sind Ihnen bei der Buchung von Aufenthalten und Ausfl\u00fcgen in der Region behilflich.<\/p><\/div><\/div><\/section><p> <\/p>\t\t\t\t\t\t\t\t<\/div>\n\t\t\t\t<div class=\"elementor-element elementor-element-63c1cadc elementor-align-center elementor-mobile-align-center elementor-widget elementor-widget-button\" data-id=\"63c1cadc\" data-element_type=\"widget\" data-e-type=\"widget\" data-settings=\"{&quot;_animation&quot;:&quot;none&quot;}\" data-widget_type=\"button.default\">\n\t\t\t\t\t\t\t\t\t\t<a class=\"elementor-button elementor-button-link elementor-size-sm elementor-animation-shrink\" href=\"\/de\/altanea\/kontakte\/\">\n\t\t\t\t\t\t<span class=\"elementor-button-content-wrapper\">\n\t\t\t\t\t\t\t\t\t<span class=\"elementor-button-text\">Kontaktieren Sie uns<\/span>\n\t\t\t\t\t<\/span>\n\t\t\t\t\t<\/a>\n\t\t\t\t\t\t\t\t<\/div>\n\t\t\t\t<\/div>\n\t\t\t\t<\/div>\n\t\t","protected":false},"excerpt":{"rendered":"<p>In menschlichem Ma\u00dfstab Komfort und Aufmerksamkeit f\u00fcr den Touristen Entspannung und Wellness im Gr\u00fcnen von Lido Altanea Ein qualifizierendes Element f\u00fcr den Lido Altanea-Komplex ist die &#8218;Lebensqualit\u00e4t&#8216; im Sinne der [&hellip;]<\/p>\n","protected":false},"author":1,"featured_media":3186658,"parent":3186381,"menu_order":0,"comment_status":"closed","ping_status":"closed","template":"","meta":{"footnotes":""},"locations":[],"class_list":["post-3186659","page","type-page","status-publish","has-post-thumbnail","hentry"],"yoast_head":"<!-- This site is optimized with the Yoast SEO plugin v27.6 - https:\/\/yoast.com\/product\/yoast-seo-wordpress\/ -->\n<title>Lido di Altanea: Entspannung pur - Agenzia Lampo<\/title>\n<meta name=\"description\" content=\"Ein Aufenthalt in Altanea bringt Entspannung und Erholung. Service und moderne Technologien f\u00fcr die Touristen.\" \/>\n<meta name=\"robots\" content=\"index, follow, max-snippet:-1, max-image-preview:large, max-video-preview:-1\" \/>\n<link rel=\"canonical\" href=\"https:\/\/www.lampo.it\/altanea\/informazioni\/a-misura-duomo\/\" \/>\n<meta property=\"og:locale\" content=\"de_DE\" \/>\n<meta property=\"og:type\" content=\"article\" \/>\n<meta property=\"og:title\" content=\"Lido di Altanea: Entspannung pur - Agenzia Lampo\" \/>\n<meta property=\"og:description\" content=\"Ein Aufenthalt in Altanea bringt Entspannung und Erholung. Service und moderne Technologien f\u00fcr die Touristen.\" \/>\n<meta property=\"og:url\" content=\"https:\/\/www.lampo.it\/altanea\/informazioni\/a-misura-duomo\/\" \/>\n<meta property=\"og:site_name\" content=\"Agenzia Lampo\" \/>\n<meta property=\"article:modified_time\" content=\"2025-11-17T15:20:54+00:00\" \/>\n<meta property=\"og:image\" content=\"https:\/\/www.lampo.it\/wp-content\/uploads\/2025\/10\/Altanea-dove-si-trova-1.jpg\" \/>\n\t<meta property=\"og:image:width\" content=\"700\" \/>\n\t<meta property=\"og:image:height\" content=\"700\" \/>\n\t<meta property=\"og:image:type\" content=\"image\/jpeg\" \/>\n<meta name=\"twitter:card\" content=\"summary_large_image\" \/>\n<meta name=\"twitter:label1\" content=\"Gesch\u00e4tzte Lesezeit\" \/>\n\t<meta name=\"twitter:data1\" content=\"2\u00a0Minuten\" \/>\n<script type=\"application\/ld+json\" class=\"yoast-schema-graph\">{\"@context\":\"https:\\\/\\\/schema.org\",\"@graph\":[{\"@type\":\"WebPage\",\"@id\":\"https:\\\/\\\/www.lampo.it\\\/altanea\\\/informazioni\\\/a-misura-duomo\\\/\",\"url\":\"https:\\\/\\\/www.lampo.it\\\/altanea\\\/informazioni\\\/a-misura-duomo\\\/\",\"name\":\"Lido di Altanea: Entspannung pur - Agenzia Lampo\",\"isPartOf\":{\"@id\":\"https:\\\/\\\/www.lampo.it\\\/#website\"},\"primaryImageOfPage\":{\"@id\":\"https:\\\/\\\/www.lampo.it\\\/altanea\\\/informazioni\\\/a-misura-duomo\\\/#primaryimage\"},\"image\":{\"@id\":\"https:\\\/\\\/www.lampo.it\\\/altanea\\\/informazioni\\\/a-misura-duomo\\\/#primaryimage\"},\"thumbnailUrl\":\"https:\\\/\\\/www.lampo.it\\\/wp-content\\\/uploads\\\/2025\\\/10\\\/Altanea-dove-si-trova-1.jpg\",\"datePublished\":\"2025-10-24T07:34:22+00:00\",\"dateModified\":\"2025-11-17T15:20:54+00:00\",\"description\":\"Ein Aufenthalt in Altanea bringt Entspannung und Erholung. Service und moderne Technologien f\u00fcr die Touristen.\",\"breadcrumb\":{\"@id\":\"https:\\\/\\\/www.lampo.it\\\/altanea\\\/informazioni\\\/a-misura-duomo\\\/#breadcrumb\"},\"inLanguage\":\"de\",\"potentialAction\":[{\"@type\":\"ReadAction\",\"target\":[\"https:\\\/\\\/www.lampo.it\\\/altanea\\\/informazioni\\\/a-misura-duomo\\\/\"]}]},{\"@type\":\"ImageObject\",\"inLanguage\":\"de\",\"@id\":\"https:\\\/\\\/www.lampo.it\\\/altanea\\\/informazioni\\\/a-misura-duomo\\\/#primaryimage\",\"url\":\"https:\\\/\\\/www.lampo.it\\\/wp-content\\\/uploads\\\/2025\\\/10\\\/Altanea-dove-si-trova-1.jpg\",\"contentUrl\":\"https:\\\/\\\/www.lampo.it\\\/wp-content\\\/uploads\\\/2025\\\/10\\\/Altanea-dove-si-trova-1.jpg\",\"width\":700,\"height\":700,\"caption\":\"Wo sich Altanea befindet\"},{\"@type\":\"BreadcrumbList\",\"@id\":\"https:\\\/\\\/www.lampo.it\\\/altanea\\\/informazioni\\\/a-misura-duomo\\\/#breadcrumb\",\"itemListElement\":[{\"@type\":\"ListItem\",\"position\":1,\"name\":\"Home\",\"item\":\"https:\\\/\\\/www.lampo.it\\\/\"},{\"@type\":\"ListItem\",\"position\":2,\"name\":\"Altanea\",\"item\":\"https:\\\/\\\/www.lampo.it\\\/de\\\/altanea\\\/\"},{\"@type\":\"ListItem\",\"position\":3,\"name\":\"Informationen\",\"item\":\"https:\\\/\\\/www.lampo.it\\\/altanea\\\/informazioni\\\/\"},{\"@type\":\"ListItem\",\"position\":4,\"name\":\"In menschlichem Ma\u00dfstab\"}]},{\"@type\":\"WebSite\",\"@id\":\"https:\\\/\\\/www.lampo.it\\\/#website\",\"url\":\"https:\\\/\\\/www.lampo.it\\\/\",\"name\":\"Agenzia Lampo\",\"description\":\"Agenzia Lampo. Affitti brevi sulla Costa Veneta\",\"publisher\":{\"@id\":\"https:\\\/\\\/www.lampo.it\\\/#organization\"},\"potentialAction\":[{\"@type\":\"SearchAction\",\"target\":{\"@type\":\"EntryPoint\",\"urlTemplate\":\"https:\\\/\\\/www.lampo.it\\\/?s={search_term_string}\"},\"query-input\":{\"@type\":\"PropertyValueSpecification\",\"valueRequired\":true,\"valueName\":\"search_term_string\"}}],\"inLanguage\":\"de\"},{\"@type\":\"Organization\",\"@id\":\"https:\\\/\\\/www.lampo.it\\\/#organization\",\"name\":\"Agenzia Lampo\",\"url\":\"https:\\\/\\\/www.lampo.it\\\/\",\"logo\":{\"@type\":\"ImageObject\",\"inLanguage\":\"de\",\"@id\":\"https:\\\/\\\/www.lampo.it\\\/#\\\/schema\\\/logo\\\/image\\\/\",\"url\":\"https:\\\/\\\/www.lampo.it\\\/wp-content\\\/uploads\\\/2025\\\/07\\\/logo-lampo_ok_2012.png\",\"contentUrl\":\"https:\\\/\\\/www.lampo.it\\\/wp-content\\\/uploads\\\/2025\\\/07\\\/logo-lampo_ok_2012.png\",\"width\":349,\"height\":137,\"caption\":\"Agenzia Lampo\"},\"image\":{\"@id\":\"https:\\\/\\\/www.lampo.it\\\/#\\\/schema\\\/logo\\\/image\\\/\"}}]}<\/script>\n<!-- \/ Yoast SEO plugin. -->","yoast_head_json":{"title":"Lido di Altanea: Entspannung pur - Agenzia Lampo","description":"Ein Aufenthalt in Altanea bringt Entspannung und Erholung. Service und moderne Technologien f\u00fcr die Touristen.","robots":{"index":"index","follow":"follow","max-snippet":"max-snippet:-1","max-image-preview":"max-image-preview:large","max-video-preview":"max-video-preview:-1"},"canonical":"https:\/\/www.lampo.it\/altanea\/informazioni\/a-misura-duomo\/","og_locale":"de_DE","og_type":"article","og_title":"Lido di Altanea: Entspannung pur - Agenzia Lampo","og_description":"Ein Aufenthalt in Altanea bringt Entspannung und Erholung. Service und moderne Technologien f\u00fcr die Touristen.","og_url":"https:\/\/www.lampo.it\/altanea\/informazioni\/a-misura-duomo\/","og_site_name":"Agenzia Lampo","article_modified_time":"2025-11-17T15:20:54+00:00","og_image":[{"width":700,"height":700,"url":"https:\/\/www.lampo.it\/wp-content\/uploads\/2025\/10\/Altanea-dove-si-trova-1.jpg","type":"image\/jpeg"}],"twitter_card":"summary_large_image","twitter_misc":{"Gesch\u00e4tzte Lesezeit":"2\u00a0Minuten"},"schema":{"@context":"https:\/\/schema.org","@graph":[{"@type":"WebPage","@id":"https:\/\/www.lampo.it\/altanea\/informazioni\/a-misura-duomo\/","url":"https:\/\/www.lampo.it\/altanea\/informazioni\/a-misura-duomo\/","name":"Lido di Altanea: Entspannung pur - Agenzia Lampo","isPartOf":{"@id":"https:\/\/www.lampo.it\/#website"},"primaryImageOfPage":{"@id":"https:\/\/www.lampo.it\/altanea\/informazioni\/a-misura-duomo\/#primaryimage"},"image":{"@id":"https:\/\/www.lampo.it\/altanea\/informazioni\/a-misura-duomo\/#primaryimage"},"thumbnailUrl":"https:\/\/www.lampo.it\/wp-content\/uploads\/2025\/10\/Altanea-dove-si-trova-1.jpg","datePublished":"2025-10-24T07:34:22+00:00","dateModified":"2025-11-17T15:20:54+00:00","description":"Ein Aufenthalt in Altanea bringt Entspannung und Erholung. Service und moderne Technologien f\u00fcr die Touristen.","breadcrumb":{"@id":"https:\/\/www.lampo.it\/altanea\/informazioni\/a-misura-duomo\/#breadcrumb"},"inLanguage":"de","potentialAction":[{"@type":"ReadAction","target":["https:\/\/www.lampo.it\/altanea\/informazioni\/a-misura-duomo\/"]}]},{"@type":"ImageObject","inLanguage":"de","@id":"https:\/\/www.lampo.it\/altanea\/informazioni\/a-misura-duomo\/#primaryimage","url":"https:\/\/www.lampo.it\/wp-content\/uploads\/2025\/10\/Altanea-dove-si-trova-1.jpg","contentUrl":"https:\/\/www.lampo.it\/wp-content\/uploads\/2025\/10\/Altanea-dove-si-trova-1.jpg","width":700,"height":700,"caption":"Wo sich Altanea befindet"},{"@type":"BreadcrumbList","@id":"https:\/\/www.lampo.it\/altanea\/informazioni\/a-misura-duomo\/#breadcrumb","itemListElement":[{"@type":"ListItem","position":1,"name":"Home","item":"https:\/\/www.lampo.it\/"},{"@type":"ListItem","position":2,"name":"Altanea","item":"https:\/\/www.lampo.it\/de\/altanea\/"},{"@type":"ListItem","position":3,"name":"Informationen","item":"https:\/\/www.lampo.it\/altanea\/informazioni\/"},{"@type":"ListItem","position":4,"name":"In menschlichem Ma\u00dfstab"}]},{"@type":"WebSite","@id":"https:\/\/www.lampo.it\/#website","url":"https:\/\/www.lampo.it\/","name":"Agenzia Lampo","description":"Agenzia Lampo. Affitti brevi sulla Costa Veneta","publisher":{"@id":"https:\/\/www.lampo.it\/#organization"},"potentialAction":[{"@type":"SearchAction","target":{"@type":"EntryPoint","urlTemplate":"https:\/\/www.lampo.it\/?s={search_term_string}"},"query-input":{"@type":"PropertyValueSpecification","valueRequired":true,"valueName":"search_term_string"}}],"inLanguage":"de"},{"@type":"Organization","@id":"https:\/\/www.lampo.it\/#organization","name":"Agenzia Lampo","url":"https:\/\/www.lampo.it\/","logo":{"@type":"ImageObject","inLanguage":"de","@id":"https:\/\/www.lampo.it\/#\/schema\/logo\/image\/","url":"https:\/\/www.lampo.it\/wp-content\/uploads\/2025\/07\/logo-lampo_ok_2012.png","contentUrl":"https:\/\/www.lampo.it\/wp-content\/uploads\/2025\/07\/logo-lampo_ok_2012.png","width":349,"height":137,"caption":"Agenzia Lampo"},"image":{"@id":"https:\/\/www.lampo.it\/#\/schema\/logo\/image\/"}}]}},"_links":{"self":[{"href":"https:\/\/www.lampo.it\/de\/wp-json\/wp\/v2\/pages\/3186659","targetHints":{"allow":["GET"]}}],"collection":[{"href":"https:\/\/www.lampo.it\/de\/wp-json\/wp\/v2\/pages"}],"about":[{"href":"https:\/\/www.lampo.it\/de\/wp-json\/wp\/v2\/types\/page"}],"author":[{"embeddable":true,"href":"https:\/\/www.lampo.it\/de\/wp-json\/wp\/v2\/users\/1"}],"replies":[{"embeddable":true,"href":"https:\/\/www.lampo.it\/de\/wp-json\/wp\/v2\/comments?post=3186659"}],"version-history":[{"count":8,"href":"https:\/\/www.lampo.it\/de\/wp-json\/wp\/v2\/pages\/3186659\/revisions"}],"predecessor-version":[{"id":3194667,"href":"https:\/\/www.lampo.it\/de\/wp-json\/wp\/v2\/pages\/3186659\/revisions\/3194667"}],"up":[{"embeddable":true,"href":"https:\/\/www.lampo.it\/de\/wp-json\/wp\/v2\/pages\/3186381"}],"wp:featuredmedia":[{"embeddable":true,"href":"https:\/\/www.lampo.it\/de\/wp-json\/wp\/v2\/media\/3186658"}],"wp:attachment":[{"href":"https:\/\/www.lampo.it\/de\/wp-json\/wp\/v2\/media?parent=3186659"}],"wp:term":[{"taxonomy":"locations","embeddable":true,"href":"https:\/\/www.lampo.it\/de\/wp-json\/wp\/v2\/locations?post=3186659"}],"curies":[{"name":"wp","href":"https:\/\/api.w.org\/{rel}","templated":true}]}}