{"id":3187871,"date":"2025-10-27T09:51:55","date_gmt":"2025-10-27T09:51:55","guid":{"rendered":"https:\/\/demo-333.avantio.dev\/p-s-margherita\/informationen\/tradition-bei-tisch\/"},"modified":"2025-11-19T17:58:11","modified_gmt":"2025-11-19T17:58:11","slug":"tradition-auf-dem-tisch","status":"publish","type":"page","link":"https:\/\/www.lampo.it\/de\/p-s-margherita\/informationen\/tradition-auf-dem-tisch\/","title":{"rendered":"Tradition bei Tisch"},"content":{"rendered":"\t\t<div data-elementor-type=\"wp-page\" data-elementor-id=\"3187871\" class=\"elementor elementor-3187871 elementor-3185424\" data-elementor-post-type=\"page\">\n\t\t\t\t<div class=\"elementor-element elementor-element-68f9a9ce e-flex e-con-boxed e-con e-parent\" data-id=\"68f9a9ce\" data-element_type=\"container\" data-e-type=\"container\" data-settings=\"{&quot;background_background&quot;:&quot;classic&quot;}\">\n\t\t\t\t\t<div class=\"e-con-inner\">\n\t\t<div class=\"elementor-element elementor-element-3f6e14fd e-con-full e-flex e-con e-child\" data-id=\"3f6e14fd\" data-element_type=\"container\" data-e-type=\"container\">\n\t\t\t\t<div class=\"elementor-element elementor-element-238fb4c3 elementor-invisible elementor-widget elementor-widget-heading\" data-id=\"238fb4c3\" data-element_type=\"widget\" data-e-type=\"widget\" data-settings=\"{&quot;_animation&quot;:&quot;fadeIn&quot;}\" data-widget_type=\"heading.default\">\n\t\t\t\t\t<h1 class=\"elementor-heading-title elementor-size-default\">Tradition und Gastronomie in PS Margherita<\/h1>\t\t\t\t<\/div>\n\t\t\t\t<div class=\"elementor-element elementor-element-2344ca4a elementor-widget__width-initial elementor-widget-mobile__width-inherit elementor-invisible elementor-widget elementor-widget-text-editor\" data-id=\"2344ca4a\" data-element_type=\"widget\" data-e-type=\"widget\" data-settings=\"{&quot;_animation&quot;:&quot;fadeIn&quot;,&quot;_animation_delay&quot;:&quot;200&quot;}\" data-widget_type=\"text-editor.default\">\n\t\t\t\t\t\t\t\t\t<p class=\"subtitle\">Die Aromen der Tradition<\/p><div> <\/div>\t\t\t\t\t\t\t\t<\/div>\n\t\t\t\t<\/div>\n\t\t\t\t\t<\/div>\n\t\t\t\t<\/div>\n\t\t<div class=\"elementor-element elementor-element-7efdafd0 e-flex e-con-boxed e-con e-parent\" data-id=\"7efdafd0\" data-element_type=\"container\" data-e-type=\"container\">\n\t\t\t\t\t<div class=\"e-con-inner\">\n\t\t<div class=\"elementor-element elementor-element-150167c2 e-con-full e-flex e-con e-child\" data-id=\"150167c2\" data-element_type=\"container\" data-e-type=\"container\">\n\t\t\t\t<div class=\"elementor-element elementor-element-1d66ca8a elementor-widget__width-initial elementor-widget-mobile__width-inherit elementor-invisible elementor-widget elementor-widget-heading\" data-id=\"1d66ca8a\" data-element_type=\"widget\" data-e-type=\"widget\" data-settings=\"{&quot;_animation&quot;:&quot;fadeIn&quot;}\" data-widget_type=\"heading.default\">\n\t\t\t\t\t<h2 class=\"elementor-heading-title elementor-size-default\">Meeresfr\u00fcchtek\u00fcche: authentische Aromen von Porto Santa Margherita<\/h2>\t\t\t\t<\/div>\n\t\t\t\t<div class=\"elementor-element elementor-element-5c62b481 elementor-widget-tablet__width-initial elementor-widget__width-initial elementor-widget-mobile__width-inherit elementor-invisible elementor-widget elementor-widget-text-editor\" data-id=\"5c62b481\" data-element_type=\"widget\" data-e-type=\"widget\" data-settings=\"{&quot;_animation&quot;:&quot;fadeIn&quot;,&quot;_animation_delay&quot;:&quot;200&quot;}\" data-widget_type=\"text-editor.default\">\n\t\t\t\t\t\t\t\t\t<div class=\"clearfix sm-flex flex-center py2 custom-cols\"><div class=\"col col-12 sm-col-6 right custom-col-right\"><p>Porto Santa Margherita ist tief mit seinen maritimen Urspr\u00fcngen und seiner Umgebung verwurzelt, was sich auch in seiner kulinarischen Tradition widerspiegelt.<\/p><p>Viele Restaurants in Porto Santa Margherita bieten echte K\u00f6stlichkeiten wie gebratenen Fisch, gebratene &#8218;masenete&#8216; und gegrillten Fisch, aber auch viele traditionelle venezianische Gerichte, vielleicht mit verschiedenen Variationen wie &#8217;sarde in saor&#8216;, Spaghetti mit &#8218;pevarasse&#8216; und Tagliolini mit Krabben. Alles gew\u00fcrzt mit einer echten und ansteckenden Herzlichkeit, bei der sich der Gast sofort wohlf\u00fchlt. <\/p><\/div><\/div>\t\t\t\t\t\t\t\t<\/div>\n\t\t\t\t<\/div>\n\t\t<div class=\"elementor-element elementor-element-49040b02 e-con-full e-flex elementor-invisible e-con e-child\" data-id=\"49040b02\" data-element_type=\"container\" data-e-type=\"container\" data-settings=\"{&quot;animation&quot;:&quot;fadeIn&quot;}\">\n\t\t\t\t<div class=\"elementor-element elementor-element-bfcf054 elementor-widget elementor-widget-image\" data-id=\"bfcf054\" data-element_type=\"widget\" data-e-type=\"widget\" data-widget_type=\"image.default\">\n\t\t\t\t\t\t\t\t\t\t\t\t\t\t\t<img fetchpriority=\"high\" decoding=\"async\" width=\"700\" height=\"700\" src=\"https:\/\/www.lampo.it\/wp-content\/uploads\/2025\/10\/Ristoranti-Tradizionale-Porto-Santa-Margherita.jpg\" class=\"attachment-full size-full wp-image-3187823\" alt=\"Traditionelle Restaurants in Porto Santa Margherita\" srcset=\"https:\/\/www.lampo.it\/wp-content\/uploads\/2025\/10\/Ristoranti-Tradizionale-Porto-Santa-Margherita.jpg 700w, https:\/\/www.lampo.it\/wp-content\/uploads\/2025\/10\/Ristoranti-Tradizionale-Porto-Santa-Margherita-300x300.jpg 300w, https:\/\/www.lampo.it\/wp-content\/uploads\/2025\/10\/Ristoranti-Tradizionale-Porto-Santa-Margherita-150x150.jpg 150w\" sizes=\"(max-width: 700px) 100vw, 700px\" \/>\t\t\t\t\t\t\t\t\t\t\t\t\t\t\t<\/div>\n\t\t\t\t<\/div>\n\t\t\t\t\t<\/div>\n\t\t\t\t<\/div>\n\t\t<div class=\"elementor-element elementor-element-ed229c5 e-flex e-con-boxed e-con e-parent\" data-id=\"ed229c5\" data-element_type=\"container\" data-e-type=\"container\">\n\t\t\t\t\t<div class=\"e-con-inner\">\n\t\t<div class=\"elementor-element elementor-element-f86b20c e-con-full e-flex elementor-invisible e-con e-child\" data-id=\"f86b20c\" data-element_type=\"container\" data-e-type=\"container\" data-settings=\"{&quot;animation&quot;:&quot;fadeIn&quot;}\">\n\t\t\t\t<div class=\"elementor-element elementor-element-e3bf6a1 elementor-widget elementor-widget-image\" data-id=\"e3bf6a1\" data-element_type=\"widget\" data-e-type=\"widget\" data-widget_type=\"image.default\">\n\t\t\t\t\t\t\t\t\t\t\t\t\t\t\t<img decoding=\"async\" width=\"700\" height=\"700\" src=\"https:\/\/www.lampo.it\/wp-content\/uploads\/2025\/10\/spori-tradizione-ps-margherita.jpg\" class=\"attachment-full size-full wp-image-3187824\" alt=\"Traditionelle PS Margherita Geschmacksrichtungen\" srcset=\"https:\/\/www.lampo.it\/wp-content\/uploads\/2025\/10\/spori-tradizione-ps-margherita.jpg 700w, https:\/\/www.lampo.it\/wp-content\/uploads\/2025\/10\/spori-tradizione-ps-margherita-300x300.jpg 300w, https:\/\/www.lampo.it\/wp-content\/uploads\/2025\/10\/spori-tradizione-ps-margherita-150x150.jpg 150w\" sizes=\"(max-width: 700px) 100vw, 700px\" \/>\t\t\t\t\t\t\t\t\t\t\t\t\t\t\t<\/div>\n\t\t\t\t<\/div>\n\t\t<div class=\"elementor-element elementor-element-a9370d4 e-con-full e-flex e-con e-child\" data-id=\"a9370d4\" data-element_type=\"container\" data-e-type=\"container\">\n\t\t\t\t<div class=\"elementor-element elementor-element-8b8f739 elementor-widget__width-initial elementor-widget-mobile__width-inherit elementor-invisible elementor-widget elementor-widget-heading\" data-id=\"8b8f739\" data-element_type=\"widget\" data-e-type=\"widget\" data-settings=\"{&quot;_animation&quot;:&quot;fadeIn&quot;}\" data-widget_type=\"heading.default\">\n\t\t\t\t\t<h2 class=\"elementor-heading-title elementor-size-default\">Produkte der Erde: die andere gastronomische Seele von Porto Santa Margherita<\/h2>\t\t\t\t<\/div>\n\t\t\t\t<div class=\"elementor-element elementor-element-171ee26 elementor-widget-tablet__width-initial elementor-widget__width-initial elementor-widget-mobile__width-inherit elementor-invisible elementor-widget elementor-widget-text-editor\" data-id=\"171ee26\" data-element_type=\"widget\" data-e-type=\"widget\" data-settings=\"{&quot;_animation&quot;:&quot;fadeIn&quot;,&quot;_animation_delay&quot;:&quot;200&quot;}\" data-widget_type=\"text-editor.default\">\n\t\t\t\t\t\t\t\t\t<div class=\"col col-12 sm-col-6 custom-col-left clear-left\"><p>Neben all dieser Vielfalt an Fisch- und Meeresfr\u00fcchtespezialit\u00e4ten k\u00f6nnen Sie auch viele Fleisch- und Gem\u00fcsegerichte genie\u00dfen und dabei von der florierenden Obst- und Gem\u00fcseproduktion im Hinterland profitieren, wie z.B. Paprika, Zucchini, Tomaten, Radicchio, und dann Obst wie venezianische Birnen, \u00c4pfel und wei\u00dfe Pfirsiche aus Venedig. All diese Produkte k\u00f6nnen Sie auf den vielen Bauernh\u00f6fen im Hinterland probieren und kaufen, wie z.B. auf dem Bauernhof &#8218;La Fagiana&#8216;, der Reis, Fruchts\u00e4fte und ausgezeichneten Wein produziert. <\/p><\/div>\t\t\t\t\t\t\t\t<\/div>\n\t\t\t\t<\/div>\n\t\t\t\t\t<\/div>\n\t\t\t\t<\/div>\n\t\t<div class=\"elementor-element elementor-element-5d316dd8 e-con-full jkit-sticky-element--enabled e-flex jkit-sticky-element-on--down jkit-sticky-position--sticky e-con e-parent\" data-id=\"5d316dd8\" data-element_type=\"container\" data-e-type=\"container\" data-settings=\"{&quot;background_background&quot;:&quot;classic&quot;,&quot;jkit_sticky_top_position&quot;:{&quot;unit&quot;:&quot;px&quot;,&quot;size&quot;:&quot;&quot;,&quot;sizes&quot;:[]},&quot;jkit_sticky_device&quot;:&quot;desktop&quot;}\">\n\t\t\t\t<div class=\"elementor-element elementor-element-648310d8 elementor-widget__width-initial elementor-widget-mobile__width-inherit elementor-invisible elementor-widget elementor-widget-heading\" data-id=\"648310d8\" data-element_type=\"widget\" data-e-type=\"widget\" data-settings=\"{&quot;_animation&quot;:&quot;fadeIn&quot;}\" data-widget_type=\"heading.default\">\n\t\t\t\t\t<h2 class=\"elementor-heading-title elementor-size-default\">Buchen Sie Ihren Urlaub in Porto Santa Margherita<\/h2>\t\t\t\t<\/div>\n\t\t\t\t<div class=\"elementor-element elementor-element-713fff3 elementor-widget__width-initial elementor-widget-mobile__width-inherit elementor-invisible elementor-widget elementor-widget-text-editor\" data-id=\"713fff3\" data-element_type=\"widget\" data-e-type=\"widget\" data-settings=\"{&quot;_animation&quot;:&quot;fadeIn&quot;,&quot;_animation_delay&quot;:&quot;200&quot;}\" data-widget_type=\"text-editor.default\">\n\t\t\t\t\t\t\t\t\t<p>Wir bieten Ihnen eine gro\u00dfe Auswahl an Unterk\u00fcnften f\u00fcr Ihren Urlaub in PS Margherita. Wir versorgen Sie auch mit allen touristischen Informationen \u00fcber die Gegend, vom historischen Zentrum bis zum Heiligtum, vom Hafen bis zu den typischen Restaurants, damit Sie sich nicht verirren. <\/p>\t\t\t\t\t\t\t\t<\/div>\n\t\t<div class=\"elementor-element elementor-element-8b24b95 e-grid e-con-boxed e-con e-child\" data-id=\"8b24b95\" data-element_type=\"container\" data-e-type=\"container\">\n\t\t\t\t\t<div class=\"e-con-inner\">\n\t\t\t\t<div class=\"elementor-element elementor-element-0379c9d elementor-align-center elementor-mobile-align-center elementor-widget elementor-widget-button\" data-id=\"0379c9d\" data-element_type=\"widget\" data-e-type=\"widget\" data-settings=\"{&quot;_animation&quot;:&quot;none&quot;}\" data-widget_type=\"button.default\">\n\t\t\t\t\t\t\t\t\t\t<a class=\"elementor-button elementor-button-link elementor-size-sm elementor-animation-shrink\" href=\"\/de\/p-s-margherita\/wohnstrukturen-und-preise\/\">\n\t\t\t\t\t\t<span class=\"elementor-button-content-wrapper\">\n\t\t\t\t\t\t\t\t\t<span class=\"elementor-button-text\">Einrichtungen in PS Margherita<\/span>\n\t\t\t\t\t<\/span>\n\t\t\t\t\t<\/a>\n\t\t\t\t\t\t\t\t<\/div>\n\t\t\t\t<div class=\"elementor-element elementor-element-f39f5d9 elementor-align-center elementor-mobile-align-center elementor-widget elementor-widget-button\" data-id=\"f39f5d9\" data-element_type=\"widget\" data-e-type=\"widget\" data-settings=\"{&quot;_animation&quot;:&quot;none&quot;}\" data-widget_type=\"button.default\">\n\t\t\t\t\t\t\t\t\t\t<a class=\"elementor-button elementor-button-link elementor-size-sm elementor-animation-shrink\" href=\"\/de\/p-s-margherita\/informationen\/\">\n\t\t\t\t\t\t<span class=\"elementor-button-content-wrapper\">\n\t\t\t\t\t\t\t\t\t<span class=\"elementor-button-text\">\u00dcber PS Margherita<\/span>\n\t\t\t\t\t<\/span>\n\t\t\t\t\t<\/a>\n\t\t\t\t\t\t\t\t<\/div>\n\t\t\t\t<div class=\"elementor-element elementor-element-b62a88c elementor-align-center elementor-mobile-align-center elementor-widget elementor-widget-button\" data-id=\"b62a88c\" data-element_type=\"widget\" data-e-type=\"widget\" data-settings=\"{&quot;_animation&quot;:&quot;none&quot;}\" data-widget_type=\"button.default\">\n\t\t\t\t\t\t\t\t\t\t<a class=\"elementor-button elementor-button-link elementor-size-sm elementor-animation-shrink\" href=\"\/de\/tag\/porto-santa-margherita-de\/\">\n\t\t\t\t\t\t<span class=\"elementor-button-content-wrapper\">\n\t\t\t\t\t\t\t\t\t<span class=\"elementor-button-text\">Ereignisse in PS Margherita<\/span>\n\t\t\t\t\t<\/span>\n\t\t\t\t\t<\/a>\n\t\t\t\t\t\t\t\t<\/div>\n\t\t\t\t\t<\/div>\n\t\t\t\t<\/div>\n\t\t\t\t<\/div>\n\t\t<div class=\"elementor-element elementor-element-3a4fa49d e-con-full e-flex e-con e-parent\" data-id=\"3a4fa49d\" data-element_type=\"container\" data-e-type=\"container\" data-settings=\"{&quot;background_background&quot;:&quot;classic&quot;}\">\n\t\t\t\t<div class=\"elementor-element elementor-element-1131316 elementor-widget elementor-widget-heading\" data-id=\"1131316\" data-element_type=\"widget\" data-e-type=\"widget\" data-widget_type=\"heading.default\">\n\t\t\t\t\t<h2 class=\"elementor-heading-title elementor-size-default\">Kontakt Lampo PS Margherita<\/h2>\t\t\t\t<\/div>\n\t\t\t\t<div class=\"elementor-element elementor-element-74b0cc55 elementor-widget elementor-widget-text-editor\" data-id=\"74b0cc55\" data-element_type=\"widget\" data-e-type=\"widget\" data-widget_type=\"text-editor.default\">\n\t\t\t\t\t\t\t\t\t<main id=\"main-content\"><\/main><section class=\"prefooter\"><div class=\"container\"><div class=\"contact-block\"><p style=\"text-align: center;\">Unsere Filialen in Porto Santa Margherita stehen Ihnen f\u00fcr Fragen zur Verf\u00fcgung und helfen Ihnen bei der Buchung von Aufenthalten und Ausfl\u00fcgen in der Region.<\/p><\/div><\/div><\/section>\t\t\t\t\t\t\t\t<\/div>\n\t\t\t\t<div class=\"elementor-element elementor-element-63c1cadc elementor-align-center elementor-mobile-align-center elementor-widget elementor-widget-button\" data-id=\"63c1cadc\" data-element_type=\"widget\" data-e-type=\"widget\" data-settings=\"{&quot;_animation&quot;:&quot;none&quot;}\" data-widget_type=\"button.default\">\n\t\t\t\t\t\t\t\t\t\t<a class=\"elementor-button elementor-button-link elementor-size-sm elementor-animation-shrink\" href=\"\/de\/p-s-margherita\/kontakte\/\">\n\t\t\t\t\t\t<span class=\"elementor-button-content-wrapper\">\n\t\t\t\t\t\t\t\t\t<span class=\"elementor-button-text\">Kontaktieren Sie uns<\/span>\n\t\t\t\t\t<\/span>\n\t\t\t\t\t<\/a>\n\t\t\t\t\t\t\t\t<\/div>\n\t\t\t\t<\/div>\n\t\t\t\t<\/div>\n\t\t","protected":false},"excerpt":{"rendered":"<p>Tradition und Gastronomie in PS Margherita Die Aromen der Tradition Meeresfr\u00fcchtek\u00fcche: authentische Aromen von Porto Santa Margherita Porto Santa Margherita ist tief mit seinen maritimen Urspr\u00fcngen und seiner Umgebung verwurzelt, [&hellip;]<\/p>\n","protected":false},"author":1,"featured_media":3187825,"parent":3186620,"menu_order":0,"comment_status":"closed","ping_status":"closed","template":"","meta":{"footnotes":""},"locations":[],"class_list":["post-3187871","page","type-page","status-publish","has-post-thumbnail","hentry"],"yoast_head":"<!-- This site is optimized with the Yoast SEO plugin v27.5 - https:\/\/yoast.com\/product\/yoast-seo-wordpress\/ -->\n<title>Restaurants f\u00fcr gutes Essen in Porto Santa Margherita<\/title>\n<meta name=\"description\" content=\"Er empfiehlt die besten Restaurants mit maritimen Wurzeln, in denen Sie auch eine Vielzahl von Fleisch- und Gem\u00fcsegerichten genie\u00dfen k\u00f6nnen.\" \/>\n<meta name=\"robots\" content=\"index, follow, max-snippet:-1, max-image-preview:large, max-video-preview:-1\" \/>\n<link rel=\"canonical\" href=\"https:\/\/www.lampo.it\/p-s-margherita\/informazioni\/tradizione-a-tavola\/\" \/>\n<meta property=\"og:locale\" content=\"de_DE\" \/>\n<meta property=\"og:type\" content=\"article\" \/>\n<meta property=\"og:title\" content=\"Restaurants f\u00fcr gutes Essen in Porto Santa Margherita\" \/>\n<meta property=\"og:description\" content=\"Er empfiehlt die besten Restaurants mit maritimen Wurzeln, in denen Sie auch eine Vielzahl von Fleisch- und Gem\u00fcsegerichten genie\u00dfen k\u00f6nnen.\" \/>\n<meta property=\"og:url\" content=\"https:\/\/www.lampo.it\/p-s-margherita\/informazioni\/tradizione-a-tavola\/\" \/>\n<meta property=\"og:site_name\" content=\"Agenzia Lampo\" \/>\n<meta property=\"article:modified_time\" content=\"2025-11-19T17:58:11+00:00\" \/>\n<meta property=\"og:image\" content=\"https:\/\/www.lampo.it\/wp-content\/uploads\/2025\/10\/ristoranti-margherita.jpg\" \/>\n\t<meta property=\"og:image:width\" content=\"700\" \/>\n\t<meta property=\"og:image:height\" content=\"700\" \/>\n\t<meta property=\"og:image:type\" content=\"image\/jpeg\" \/>\n<meta name=\"twitter:card\" content=\"summary_large_image\" \/>\n<meta name=\"twitter:label1\" content=\"Gesch\u00e4tzte Lesezeit\" \/>\n\t<meta name=\"twitter:data1\" content=\"2\u00a0Minuten\" \/>\n<script type=\"application\/ld+json\" class=\"yoast-schema-graph\">{\"@context\":\"https:\\\/\\\/schema.org\",\"@graph\":[{\"@type\":\"WebPage\",\"@id\":\"https:\\\/\\\/www.lampo.it\\\/p-s-margherita\\\/informazioni\\\/tradizione-a-tavola\\\/\",\"url\":\"https:\\\/\\\/www.lampo.it\\\/p-s-margherita\\\/informazioni\\\/tradizione-a-tavola\\\/\",\"name\":\"Restaurants f\u00fcr gutes Essen in Porto Santa Margherita\",\"isPartOf\":{\"@id\":\"https:\\\/\\\/www.lampo.it\\\/#website\"},\"primaryImageOfPage\":{\"@id\":\"https:\\\/\\\/www.lampo.it\\\/p-s-margherita\\\/informazioni\\\/tradizione-a-tavola\\\/#primaryimage\"},\"image\":{\"@id\":\"https:\\\/\\\/www.lampo.it\\\/p-s-margherita\\\/informazioni\\\/tradizione-a-tavola\\\/#primaryimage\"},\"thumbnailUrl\":\"https:\\\/\\\/www.lampo.it\\\/wp-content\\\/uploads\\\/2025\\\/10\\\/ristoranti-margherita.jpg\",\"datePublished\":\"2025-10-27T09:51:55+00:00\",\"dateModified\":\"2025-11-19T17:58:11+00:00\",\"description\":\"Er empfiehlt die besten Restaurants mit maritimen Wurzeln, in denen Sie auch eine Vielzahl von Fleisch- und Gem\u00fcsegerichten genie\u00dfen k\u00f6nnen.\",\"breadcrumb\":{\"@id\":\"https:\\\/\\\/www.lampo.it\\\/p-s-margherita\\\/informazioni\\\/tradizione-a-tavola\\\/#breadcrumb\"},\"inLanguage\":\"de\",\"potentialAction\":[{\"@type\":\"ReadAction\",\"target\":[\"https:\\\/\\\/www.lampo.it\\\/p-s-margherita\\\/informazioni\\\/tradizione-a-tavola\\\/\"]}]},{\"@type\":\"ImageObject\",\"inLanguage\":\"de\",\"@id\":\"https:\\\/\\\/www.lampo.it\\\/p-s-margherita\\\/informazioni\\\/tradizione-a-tavola\\\/#primaryimage\",\"url\":\"https:\\\/\\\/www.lampo.it\\\/wp-content\\\/uploads\\\/2025\\\/10\\\/ristoranti-margherita.jpg\",\"contentUrl\":\"https:\\\/\\\/www.lampo.it\\\/wp-content\\\/uploads\\\/2025\\\/10\\\/ristoranti-margherita.jpg\",\"width\":700,\"height\":700,\"caption\":\"Restaurants in Porto Santa Margherita\"},{\"@type\":\"BreadcrumbList\",\"@id\":\"https:\\\/\\\/www.lampo.it\\\/p-s-margherita\\\/informazioni\\\/tradizione-a-tavola\\\/#breadcrumb\",\"itemListElement\":[{\"@type\":\"ListItem\",\"position\":1,\"name\":\"Home\",\"item\":\"https:\\\/\\\/www.lampo.it\\\/\"},{\"@type\":\"ListItem\",\"position\":2,\"name\":\"P S Margherita\",\"item\":\"https:\\\/\\\/www.lampo.it\\\/de\\\/p-s-margherita\\\/\"},{\"@type\":\"ListItem\",\"position\":3,\"name\":\"Informationen\",\"item\":\"https:\\\/\\\/www.lampo.it\\\/de\\\/p-s-margherita\\\/informationen\\\/\"},{\"@type\":\"ListItem\",\"position\":4,\"name\":\"Tradition bei Tisch\"}]},{\"@type\":\"WebSite\",\"@id\":\"https:\\\/\\\/www.lampo.it\\\/#website\",\"url\":\"https:\\\/\\\/www.lampo.it\\\/\",\"name\":\"Agenzia Lampo\",\"description\":\"Agenzia Lampo. Affitti brevi sulla Costa Veneta\",\"publisher\":{\"@id\":\"https:\\\/\\\/www.lampo.it\\\/#organization\"},\"potentialAction\":[{\"@type\":\"SearchAction\",\"target\":{\"@type\":\"EntryPoint\",\"urlTemplate\":\"https:\\\/\\\/www.lampo.it\\\/?s={search_term_string}\"},\"query-input\":{\"@type\":\"PropertyValueSpecification\",\"valueRequired\":true,\"valueName\":\"search_term_string\"}}],\"inLanguage\":\"de\"},{\"@type\":\"Organization\",\"@id\":\"https:\\\/\\\/www.lampo.it\\\/#organization\",\"name\":\"Agenzia Lampo\",\"url\":\"https:\\\/\\\/www.lampo.it\\\/\",\"logo\":{\"@type\":\"ImageObject\",\"inLanguage\":\"de\",\"@id\":\"https:\\\/\\\/www.lampo.it\\\/#\\\/schema\\\/logo\\\/image\\\/\",\"url\":\"https:\\\/\\\/www.lampo.it\\\/wp-content\\\/uploads\\\/2025\\\/07\\\/logo-lampo_ok_2012.png\",\"contentUrl\":\"https:\\\/\\\/www.lampo.it\\\/wp-content\\\/uploads\\\/2025\\\/07\\\/logo-lampo_ok_2012.png\",\"width\":349,\"height\":137,\"caption\":\"Agenzia Lampo\"},\"image\":{\"@id\":\"https:\\\/\\\/www.lampo.it\\\/#\\\/schema\\\/logo\\\/image\\\/\"}}]}<\/script>\n<!-- \/ Yoast SEO plugin. -->","yoast_head_json":{"title":"Restaurants f\u00fcr gutes Essen in Porto Santa Margherita","description":"Er empfiehlt die besten Restaurants mit maritimen Wurzeln, in denen Sie auch eine Vielzahl von Fleisch- und Gem\u00fcsegerichten genie\u00dfen k\u00f6nnen.","robots":{"index":"index","follow":"follow","max-snippet":"max-snippet:-1","max-image-preview":"max-image-preview:large","max-video-preview":"max-video-preview:-1"},"canonical":"https:\/\/www.lampo.it\/p-s-margherita\/informazioni\/tradizione-a-tavola\/","og_locale":"de_DE","og_type":"article","og_title":"Restaurants f\u00fcr gutes Essen in Porto Santa Margherita","og_description":"Er empfiehlt die besten Restaurants mit maritimen Wurzeln, in denen Sie auch eine Vielzahl von Fleisch- und Gem\u00fcsegerichten genie\u00dfen k\u00f6nnen.","og_url":"https:\/\/www.lampo.it\/p-s-margherita\/informazioni\/tradizione-a-tavola\/","og_site_name":"Agenzia Lampo","article_modified_time":"2025-11-19T17:58:11+00:00","og_image":[{"width":700,"height":700,"url":"https:\/\/www.lampo.it\/wp-content\/uploads\/2025\/10\/ristoranti-margherita.jpg","type":"image\/jpeg"}],"twitter_card":"summary_large_image","twitter_misc":{"Gesch\u00e4tzte Lesezeit":"2\u00a0Minuten"},"schema":{"@context":"https:\/\/schema.org","@graph":[{"@type":"WebPage","@id":"https:\/\/www.lampo.it\/p-s-margherita\/informazioni\/tradizione-a-tavola\/","url":"https:\/\/www.lampo.it\/p-s-margherita\/informazioni\/tradizione-a-tavola\/","name":"Restaurants f\u00fcr gutes Essen in Porto Santa Margherita","isPartOf":{"@id":"https:\/\/www.lampo.it\/#website"},"primaryImageOfPage":{"@id":"https:\/\/www.lampo.it\/p-s-margherita\/informazioni\/tradizione-a-tavola\/#primaryimage"},"image":{"@id":"https:\/\/www.lampo.it\/p-s-margherita\/informazioni\/tradizione-a-tavola\/#primaryimage"},"thumbnailUrl":"https:\/\/www.lampo.it\/wp-content\/uploads\/2025\/10\/ristoranti-margherita.jpg","datePublished":"2025-10-27T09:51:55+00:00","dateModified":"2025-11-19T17:58:11+00:00","description":"Er empfiehlt die besten Restaurants mit maritimen Wurzeln, in denen Sie auch eine Vielzahl von Fleisch- und Gem\u00fcsegerichten genie\u00dfen k\u00f6nnen.","breadcrumb":{"@id":"https:\/\/www.lampo.it\/p-s-margherita\/informazioni\/tradizione-a-tavola\/#breadcrumb"},"inLanguage":"de","potentialAction":[{"@type":"ReadAction","target":["https:\/\/www.lampo.it\/p-s-margherita\/informazioni\/tradizione-a-tavola\/"]}]},{"@type":"ImageObject","inLanguage":"de","@id":"https:\/\/www.lampo.it\/p-s-margherita\/informazioni\/tradizione-a-tavola\/#primaryimage","url":"https:\/\/www.lampo.it\/wp-content\/uploads\/2025\/10\/ristoranti-margherita.jpg","contentUrl":"https:\/\/www.lampo.it\/wp-content\/uploads\/2025\/10\/ristoranti-margherita.jpg","width":700,"height":700,"caption":"Restaurants in Porto Santa Margherita"},{"@type":"BreadcrumbList","@id":"https:\/\/www.lampo.it\/p-s-margherita\/informazioni\/tradizione-a-tavola\/#breadcrumb","itemListElement":[{"@type":"ListItem","position":1,"name":"Home","item":"https:\/\/www.lampo.it\/"},{"@type":"ListItem","position":2,"name":"P S Margherita","item":"https:\/\/www.lampo.it\/de\/p-s-margherita\/"},{"@type":"ListItem","position":3,"name":"Informationen","item":"https:\/\/www.lampo.it\/de\/p-s-margherita\/informationen\/"},{"@type":"ListItem","position":4,"name":"Tradition bei Tisch"}]},{"@type":"WebSite","@id":"https:\/\/www.lampo.it\/#website","url":"https:\/\/www.lampo.it\/","name":"Agenzia Lampo","description":"Agenzia Lampo. Affitti brevi sulla Costa Veneta","publisher":{"@id":"https:\/\/www.lampo.it\/#organization"},"potentialAction":[{"@type":"SearchAction","target":{"@type":"EntryPoint","urlTemplate":"https:\/\/www.lampo.it\/?s={search_term_string}"},"query-input":{"@type":"PropertyValueSpecification","valueRequired":true,"valueName":"search_term_string"}}],"inLanguage":"de"},{"@type":"Organization","@id":"https:\/\/www.lampo.it\/#organization","name":"Agenzia Lampo","url":"https:\/\/www.lampo.it\/","logo":{"@type":"ImageObject","inLanguage":"de","@id":"https:\/\/www.lampo.it\/#\/schema\/logo\/image\/","url":"https:\/\/www.lampo.it\/wp-content\/uploads\/2025\/07\/logo-lampo_ok_2012.png","contentUrl":"https:\/\/www.lampo.it\/wp-content\/uploads\/2025\/07\/logo-lampo_ok_2012.png","width":349,"height":137,"caption":"Agenzia Lampo"},"image":{"@id":"https:\/\/www.lampo.it\/#\/schema\/logo\/image\/"}}]}},"_links":{"self":[{"href":"https:\/\/www.lampo.it\/de\/wp-json\/wp\/v2\/pages\/3187871","targetHints":{"allow":["GET"]}}],"collection":[{"href":"https:\/\/www.lampo.it\/de\/wp-json\/wp\/v2\/pages"}],"about":[{"href":"https:\/\/www.lampo.it\/de\/wp-json\/wp\/v2\/types\/page"}],"author":[{"embeddable":true,"href":"https:\/\/www.lampo.it\/de\/wp-json\/wp\/v2\/users\/1"}],"replies":[{"embeddable":true,"href":"https:\/\/www.lampo.it\/de\/wp-json\/wp\/v2\/comments?post=3187871"}],"version-history":[{"count":8,"href":"https:\/\/www.lampo.it\/de\/wp-json\/wp\/v2\/pages\/3187871\/revisions"}],"predecessor-version":[{"id":3195784,"href":"https:\/\/www.lampo.it\/de\/wp-json\/wp\/v2\/pages\/3187871\/revisions\/3195784"}],"up":[{"embeddable":true,"href":"https:\/\/www.lampo.it\/de\/wp-json\/wp\/v2\/pages\/3186620"}],"wp:featuredmedia":[{"embeddable":true,"href":"https:\/\/www.lampo.it\/de\/wp-json\/wp\/v2\/media\/3187825"}],"wp:attachment":[{"href":"https:\/\/www.lampo.it\/de\/wp-json\/wp\/v2\/media?parent=3187871"}],"wp:term":[{"taxonomy":"locations","embeddable":true,"href":"https:\/\/www.lampo.it\/de\/wp-json\/wp\/v2\/locations?post=3187871"}],"curies":[{"name":"wp","href":"https:\/\/api.w.org\/{rel}","templated":true}]}}