{"id":3198430,"date":"2026-02-11T14:56:11","date_gmt":"2026-02-11T14:56:11","guid":{"rendered":"https:\/\/www.lampo.it\/cookie-richtlinien\/"},"modified":"2026-02-11T14:56:11","modified_gmt":"2026-02-11T14:56:11","slug":"cookie-richtlinien","status":"publish","type":"page","link":"https:\/\/www.lampo.it\/de\/cookie-richtlinien\/","title":{"rendered":"Cookie-Richtlinien"},"content":{"rendered":"<div id=\"politicas-contenido\"><div class=\"box\"><div id=\"contentPoliticaCookies\">\r\n<p data-renderer-start-pos=\"57\"><strong data-renderer-mark=\"true\">COOKIES-POLITIK<\/strong><\/p>\r\n<p data-renderer-start-pos=\"74\">Ein Cookie ist eine Datei, die auf Ihren Computer heruntergeladen wird, wenn Sie auf bestimmte Websites zugreifen. Cookies erm\u00f6glichen es einer Website unter anderem, Informationen \u00fcber die Surfgewohnheiten eines Nutzers oder seines Computers zu speichern und abzurufen, und je nach den darin enthaltenen Informationen und der Art und Weise, wie Sie Ihren Computer benutzen, k\u00f6nnen sie zur Wiedererkennung des Nutzers verwendet werden.<\/p>\r\n<p data-renderer-start-pos=\"511\">Cookies sind f\u00fcr das Funktionieren des Internets unerl\u00e4sslich und bieten zahlreiche Vorteile bei der Bereitstellung interaktiver Dienste, die die Navigation und die Benutzerfreundlichkeit unserer Website erleichtern.<\/p>\r\n<p data-renderer-start-pos=\"729\">Die folgenden Informationen sollen Ihnen helfen, die verschiedenen Arten von Cookies zu verstehen:<\/p>\r\n<p data-renderer-start-pos=\"829\">\u00a0<\/p>\r\n<p data-renderer-start-pos=\"831\"><strong data-renderer-mark=\"true\">COOKIES-TYPEN<\/strong><\/p>\r\n<ul class=\"ak-ul\" data-indent-level=\"1\">\r\n<li>\r\n<p data-renderer-start-pos=\"848\"><strong data-renderer-mark=\"true\">JE NACH DER SIE VERWALTENDEN EINRICHTUNG<\/strong><\/p>\r\n<\/li>\r\n<li>\r\n<p data-renderer-start-pos=\"892\">Erstanbieter-Cookies: Dies sind Cookies, die vom Editor selbst gesammelt werden, um den vom Benutzer angeforderten Dienst bereitzustellen.<\/p>\r\n<\/li>\r\n<li>\r\n<p data-renderer-start-pos=\"1034\">Cookies von Drittanbietern: Dies sind Cookies, die von Dritten gesammelt und verwaltet werden; sie k\u00f6nnen nicht als eigene Cookies betrachtet werden.<\/p>\r\n<\/li>\r\n<li>\r\n<p data-renderer-start-pos=\"1187\"><strong data-renderer-mark=\"true\">JE NACH DAUER IHRER T\u00c4TIGKEIT<\/strong><\/p>\r\n<\/li>\r\n<li>\r\n<p data-renderer-start-pos=\"1220\">Sitzungs-Cookies: Sammeln Daten, w\u00e4hrend der Nutzer im Internet surft, um den angeforderten Dienst bereitstellen zu k\u00f6nnen.<\/p>\r\n<\/li>\r\n<li>\r\n<p data-renderer-start-pos=\"1347\">Dauerhafte Cookies: Diese werden auf dem Endger\u00e4t gespeichert, und die erhaltenen Informationen werden von der f\u00fcr das Cookie verantwortlichen Partei verwendet, um die angeforderte Dienstleistung zu erbringen.<\/p>\r\n<\/li>\r\n<li>\r\n<p data-renderer-start-pos=\"1560\"><strong data-renderer-mark=\"true\">JE NACH ZWECK<\/strong><\/p>\r\n<\/li>\r\n<li>\r\n<p data-renderer-start-pos=\"1577\">Technische Cookies: Diese sind f\u00fcr das korrekte Surfen auf der Website erforderlich.<\/p>\r\n<\/li>\r\n<li>\r\n<p data-renderer-start-pos=\"1665\">Personalisierte Cookies: Diese erm\u00f6glichen es dem Nutzer, die Merkmale (Sprache) f\u00fcr das Surfen auf der Website zu w\u00e4hlen.<\/p>\r\n<\/li>\r\n<li>\r\n<p data-renderer-start-pos=\"1791\">Analyse-Cookies: Sie erm\u00f6glichen es dem Anbieter, eine Analyse in Verbindung mit dem Surfverhalten des Nutzers durchzuf\u00fchren, um die Nutzung der Website zu \u00fcberwachen und Statistiken \u00fcber die meistbesuchten Inhalte, die Anzahl der Besucher usw. zu erstellen.<\/p>\r\n<\/li>\r\n<li>\r\n<p data-renderer-start-pos=\"2053\">Werbe-Cookies: Diese erm\u00f6glichen es dem Herausgeber, je nach Inhalt der Website selbst, Werbefl\u00e4chen auf der Website einzubinden.<\/p>\r\n<\/li>\r\n<li>\r\n<p data-renderer-start-pos=\"2186\">Cookies f\u00fcr verhaltensbasierte Werbung: Sie erm\u00f6glichen es dem Herausgeber, auf der Website Werbefl\u00e4chen einzubinden, die den Informationen entsprechen, die er \u00fcber die Surfgewohnheiten des Nutzers erh\u00e4lt.<\/p>\r\n<\/li>\r\n<\/ul>\r\n<p data-renderer-start-pos=\"2395\">In \u00dcbereinstimmung mit den Bestimmungen des Artikels 22.2 des Gesetzes 34\/2002 vom 11. Juli \u00fcber Dienstleistungen der Informationsgesellschaft und des elektronischen Handels (LSSI-CE), meldet <em data-renderer-mark=\"true\"><span class=\"fabric-text-color-mark\" data-renderer-mark=\"true\" data-text-custom-color=\"#ff991f\">AGENZIA LAMPO <\/span><\/em>die auf unserer Website verwendeten Cookies:<\/p>\r\n<p data-renderer-start-pos=\"2659\">\u00a0<\/p>\r\n<p data-renderer-start-pos=\"2661\"><strong data-renderer-mark=\"true\">Erforderliche<\/strong><\/p>\r\n<p data-renderer-start-pos=\"2676\">Erforderliche Cookies tragen dazu bei, eine Website nutzbar zu machen, indem sie grundlegende Funktionen wie die Seitennavigation und den Zugang zu sicheren Bereichen der Website erm\u00f6glichen. Ohne diese Cookies kann die Website nicht richtig funktionieren.<\/p>\r\n<p data-renderer-start-pos=\"2934\">\u00a0<\/p>\r\n<p data-renderer-start-pos=\"2936\"><strong data-renderer-mark=\"true\">Bevorzugte<\/strong><\/p>\r\n<p data-renderer-start-pos=\"2948\">Vorzugs-Cookies erm\u00f6glichen erweiterte Funktionen und eine individuellere Nutzung unserer Website. Sie teilen uns zum Beispiel mit, welche Seiten Sie besucht haben, damit Sie leichter finden, was Sie suchen.<\/p>\r\n<p data-renderer-start-pos=\"3157\">\u00a0<\/p>\r\n<p data-renderer-start-pos=\"3159\"><strong data-renderer-mark=\"true\">Statistiken<\/strong><\/p>\r\n<p data-renderer-start-pos=\"3172\">Statistische Cookies helfen Website-Betreibern zu verstehen, wie Besucher mit Websites interagieren, indem sie Informationen in anonymer Form sammeln und bereitstellen.<\/p>\r\n<p data-renderer-start-pos=\"3342\">\u00a0<\/p>\r\n<p data-renderer-start-pos=\"3344\"><strong data-renderer-mark=\"true\">Marketing<\/strong><\/p>\r\n<p data-renderer-start-pos=\"3355\">Marketing-Cookies werden verwendet, um Besucher auf Websites zu verfolgen. Ziel ist es, dem einzelnen Nutzer relevante und attraktive Werbung zu zeigen, die f\u00fcr Verlage und Drittanbieter wertvoller ist.<\/p>\r\n<p data-renderer-start-pos=\"3559\">\u00a0<\/p>\r\n<p data-renderer-start-pos=\"3561\"><strong data-renderer-mark=\"true\">COOKIES-TYPEN<\/strong><\/p>\r\n<p data-renderer-start-pos=\"3576\">Erstanbieter-Cookies: JA<\/p>\r\n<p data-renderer-start-pos=\"3602\">Cookies von Dritten: JA<\/p>\r\n<p data-renderer-start-pos=\"3627\">Sitzungs-Cookies: JA<\/p>\r\n<p data-renderer-start-pos=\"3649\">Dauerhafte Cookies: JA<\/p>\r\n<p data-renderer-start-pos=\"3673\">\u00a0<\/p>\r\n<p data-renderer-start-pos=\"3675\"><strong data-renderer-mark=\"true\">VERWENDUNGSZWECK<\/strong><\/p>\r\n<p data-renderer-start-pos=\"3693\">Technische Cookies: JA<\/p>\r\n<p data-renderer-start-pos=\"3717\">Personalisierte Cookies: JA<\/p>\r\n<p data-renderer-start-pos=\"3746\">Analyse-Cookies: JA<\/p>\r\n<p data-renderer-start-pos=\"3767\">Werbe-Cookies: JA<\/p>\r\n<p data-renderer-start-pos=\"3786\">Cookies f\u00fcr verhaltensbasierte Werbung: JA<\/p>\r\n<p data-renderer-start-pos=\"3830\">\u00a0<\/p>\r\n<p data-renderer-start-pos=\"3832\"><strong data-renderer-mark=\"true\">Google Analytics: <\/strong>Speichert Cookies, um Statistiken \u00fcber den Verkehr und das Volumen der Besuche auf dieser Website zu erstellen. Indem Sie die Statistik-Cookies akzeptieren, erkl\u00e4ren Sie sich mit der Verarbeitung der Informationen \u00fcber Sie durch Google einverstanden. Daher muss die Aus\u00fcbung der diesbez\u00fcglichen Rechte direkt mit Google erfolgen.<\/p>\r\n<p data-renderer-start-pos=\"4181\">Google Analytics-Cookies werden auf Servern in den Vereinigten Staaten gespeichert und Google verpflichtet sich, sie nicht an Dritte weiterzugeben, es sei denn, dies ist f\u00fcr den Betrieb des Systems erforderlich oder gesetzlich vorgeschrieben. Nach Angaben von Google wird Ihre IP-Adresse nicht gespeichert.<\/p>\r\n<p data-renderer-start-pos=\"4489\">Google Inc. ist ein Privacy-Shield-Unternehmen, das garantiert, dass alle \u00fcbertragenen Daten mit einem Schutzniveau behandelt werden, das den europ\u00e4ischen Vorschriften entspricht. Ausf\u00fchrliche Informationen hierzu k\u00f6nnen Sie \u00fcber den folgenden Link abrufen: <span data-inline-card=\"true\" data-card-url=\"https:\/\/support.google.com\/analytics\/answer\/6004245\" data-annotation-inline-node=\"true\" data-annotation-mark=\"true\" data-renderer-start-pos=\"4747\"><span class=\"loader-wrapper\"><span class=\"hover-card-trigger-wrapper\" data-testid=\"hover-card-trigger-wrapper\"><a class=\"_1yt4x7n9 _2rko12b0 _v56415x0 _1e0c1nu9 _16d9qvcn _syaz13af _1rkwglyw _4cvx1w55 _19itia51 _bfhkhp5a _1a3b1r31 _4fprglyw _5goinqa1 _9oik1r31 _1bnxglyw _jf4cnqa1 _1nrm1r31 _c2waglyw _1iohnqa1 _uizt1kdv _nt751r31 _49pcglyw _1hvw1o36 _1372tlke _7ehiw5lj _1j5pglyw _1di615s3\" href=\"https:\/\/support.google.com\/analytics\/answer\/6004245\" data-testid=\"inline-card-resolved-view\"><span class=\"_19itglyw _vchhusvi _r06hglyw _o5721jtm _1nmz9jpi _16d9qvcn _ca0qv77o _u5f31b66 _n3tdv77o _19bv1b66\" data-testid=\"inline-card-icon-and-title\"><span class=\"_19itglyw _vchhusvi _r06hglyw\">Safeguarding your data - Analytics Help<\/span><\/span><\/a><\/span><\/span><\/span> .<\/p>\r\n<p data-renderer-start-pos=\"4752\">Wenn Sie m\u00f6chten, k\u00f6nnen Sie das Google Analytics Opt-out Browser Add-on verwenden, mit dem Sie analytische Cookies von Google Analytics in allen Browsern ablehnen k\u00f6nnen. Weitere Informationen hierzu finden Sie unter dem folgenden Link: <span data-inline-card=\"true\" data-card-url=\"https:\/\/tools.google.com\/dlpage\/gaoptout\" data-annotation-inline-node=\"true\" data-annotation-mark=\"true\" data-renderer-start-pos=\"4990\"><span class=\"loader-wrapper\"><span class=\"hover-card-trigger-wrapper\" data-testid=\"hover-card-trigger-wrapper\"><a class=\"_1yt4x7n9 _2rko12b0 _v56415x0 _1e0c1nu9 _16d9qvcn _syaz13af _1rkwglyw _4cvx1w55 _19itia51 _bfhkhp5a _1a3b1r31 _4fprglyw _5goinqa1 _9oik1r31 _1bnxglyw _jf4cnqa1 _1nrm1r31 _c2waglyw _1iohnqa1 _uizt1kdv _nt751r31 _49pcglyw _1hvw1o36 _1372tlke _7ehiw5lj _1j5pglyw _1di615s3\" href=\"https:\/\/tools.google.com\/dlpage\/gaoptout\" data-testid=\"inline-card-resolved-view\"><span class=\"_19itglyw _vchhusvi _r06hglyw _o5721jtm _1nmz9jpi _16d9qvcn _ca0qv77o _u5f31b66 _n3tdv77o _19bv1b66\" data-testid=\"inline-card-icon-and-title\"><span class=\"_19itglyw _vchhusvi _r06hglyw\">Google Analytics Opt-out Browser Add-on Download Page<\/span><\/span><\/a><\/span><\/span><\/span><\/p>\r\n<p data-renderer-start-pos=\"4994\">Au\u00dferdem informiert <em data-renderer-mark=\"true\"><span class=\"fabric-text-color-mark\" data-renderer-mark=\"true\" data-text-custom-color=\"#ff991f\">AGENZIA LAMPO <\/span><\/em>den Nutzer dar\u00fcber, dass er die M\u00f6glichkeit hat, seinen Browser so zu konfigurieren, dass er \u00fcber den Erhalt von Cookies informiert wird, und dass er, falls gew\u00fcnscht, deren Installation auf seiner Festplatte verhindern kann.<\/p>\r\n<p data-renderer-start-pos=\"5267\">Im Folgenden finden Sie Links zu verschiedenen Browsern, mit denen Sie diese Einstellungen vornehmen k\u00f6nnen:<\/p>\r\n<p data-renderer-start-pos=\"5377\">Firefox von hier aus: <span data-inline-card=\"true\" data-card-url=\"http:\/\/support.mozilla.org\/es\/kb\/habilitar-y-deshabilitar-cookies-que-los-sitios-we\" data-annotation-inline-node=\"true\" data-annotation-mark=\"true\" data-renderer-start-pos=\"5399\"><span class=\"loader-wrapper\"><span class=\"hover-card-trigger-wrapper\" data-testid=\"hover-card-trigger-wrapper\"><a class=\"_1yt4x7n9 _2rko12b0 _v56415x0 _1e0c1nu9 _16d9qvcn _syaz13af _1rkwglyw _4cvx1w55 _19itia51 _bfhkhp5a _1a3b1r31 _4fprglyw _5goinqa1 _9oik1r31 _1bnxglyw _jf4cnqa1 _1nrm1r31 _c2waglyw _1iohnqa1 _uizt1kdv _nt751r31 _49pcglyw _1hvw1o36 _1372tlke _7ehiw5lj _1j5pglyw _1di615s3\" href=\"http:\/\/support.mozilla.org\/es\/kb\/habilitar-y-deshabilitar-cookies-que-los-sitios-we\" data-testid=\"inline-card-resolved-view\"><span class=\"_19itglyw _vchhusvi _r06hglyw _o5721jtm _1nmz9jpi _16d9qvcn _ca0qv77o _u5f31b66 _n3tdv77o _19bv1b66\" data-testid=\"inline-card-icon-and-title\"><span class=\"_19itglyw _vchhusvi _r06hglyw\">Protecci\u00f3n contra el Rastreo Mejorada en Firefox para Escritorio | Ayuda de Firefox<\/span><\/span><\/a><\/span><\/span><\/span><\/p>\r\n<p data-renderer-start-pos=\"5403\">Chrome von hier aus: <span data-inline-card=\"true\" data-card-url=\"https:\/\/support.google.com\/chrome\/answer\/95647?hl=de\" data-annotation-inline-node=\"true\" data-annotation-mark=\"true\" data-renderer-start-pos=\"5424\"><span class=\"loader-wrapper\"><span class=\"hover-card-trigger-wrapper\" data-testid=\"hover-card-trigger-wrapper\"><a class=\"_1yt4x7n9 _2rko12b0 _v56415x0 _1e0c1nu9 _16d9qvcn _syaz13af _1rkwglyw _4cvx1w55 _19itia51 _bfhkhp5a _1a3b1r31 _4fprglyw _5goinqa1 _9oik1r31 _1bnxglyw _jf4cnqa1 _1nrm1r31 _c2waglyw _1iohnqa1 _uizt1kdv _nt751r31 _49pcglyw _1hvw1o36 _1372tlke _7ehiw5lj _1j5pglyw _1di615s3\" href=\"https:\/\/support.google.com\/chrome\/answer\/95647?hl=de\" data-testid=\"inline-card-resolved-view\"><span class=\"_19itglyw _vchhusvi _r06hglyw _o5721jtm _1nmz9jpi _16d9qvcn _ca0qv77o _u5f31b66 _n3tdv77o _19bv1b66\" data-testid=\"inline-card-icon-and-title\"><span class=\"_19itglyw _vchhusvi _r06hglyw\">Cookies in Chrome l\u00f6schen, zulassen und verwalten - Computer - Google Chrome-Hilfe<\/span><\/span><\/a><\/span><\/span><\/span><\/p>\r\n<p data-renderer-start-pos=\"5429\">Explorer von hier aus: <span data-inline-card=\"true\" data-card-url=\"http:\/\/windows.microsoft.com\/es-es\/internet-explorer\/delete-manage-cookies#ie=ie-10\" data-annotation-inline-node=\"true\" data-annotation-mark=\"true\" data-renderer-start-pos=\"5452\"><span class=\"loader-wrapper\"><span class=\"hover-card-trigger-wrapper\" data-testid=\"hover-card-trigger-wrapper\"><a class=\"_1yt4x7n9 _2rko12b0 _v56415x0 _1e0c1nu9 _16d9qvcn _syaz13af _1rkwglyw _4cvx1w55 _19itia51 _bfhkhp5a _1a3b1r31 _4fprglyw _5goinqa1 _9oik1r31 _1bnxglyw _jf4cnqa1 _1nrm1r31 _c2waglyw _1iohnqa1 _uizt1kdv _nt751r31 _49pcglyw _1hvw1o36 _1372tlke _7ehiw5lj _1j5pglyw _1di615s3\" href=\"http:\/\/windows.microsoft.com\/es-es\/internet-explorer\/delete-manage-cookies#ie=ie-10\" data-testid=\"inline-card-resolved-view\"><span class=\"_19itglyw _vchhusvi _r06hglyw _o5721jtm _1nmz9jpi _16d9qvcn _ca0qv77o _u5f31b66 _n3tdv77o _19bv1b66\" data-testid=\"inline-card-icon-and-title\"><span class=\"_19itglyw _vchhusvi _r06hglyw\">Manage cookies in Microsoft Edge: View, allow, block, delete and use - Microsoft Support<\/span><\/span><\/a><\/span><\/span><\/span><\/p>\r\n<p data-renderer-start-pos=\"5456\">Safari von hier aus: <span data-inline-card=\"true\" data-card-url=\"https:\/\/support.apple.com\/kb\/ph17191?locale=es_ES\" data-annotation-inline-node=\"true\" data-annotation-mark=\"true\" data-renderer-start-pos=\"5477\"><span class=\"loader-wrapper\"><span class=\"hover-card-trigger-wrapper\" data-testid=\"hover-card-trigger-wrapper\"><a class=\"_1yt4x7n9 _2rko12b0 _v56415x0 _1e0c1nu9 _16d9qvcn _syaz13af _1rkwglyw _4cvx1w55 _19itia51 _bfhkhp5a _1a3b1r31 _4fprglyw _5goinqa1 _9oik1r31 _1bnxglyw _jf4cnqa1 _1nrm1r31 _c2waglyw _1iohnqa1 _uizt1kdv _nt751r31 _49pcglyw _1hvw1o36 _1372tlke _7ehiw5lj _1j5pglyw _1di615s3\" href=\"https:\/\/support.apple.com\/kb\/ph17191?locale=es_ES\" data-testid=\"inline-card-resolved-view\"><span class=\"_19itglyw _vchhusvi _r06hglyw _o5721jtm _1nmz9jpi _16d9qvcn _ca0qv77o _u5f31b66 _n3tdv77o _19bv1b66\" data-testid=\"inline-card-icon-and-title\"><span class=\"_19itglyw _vchhusvi _r06hglyw\">Clear cookies in Safari on Mac<\/span><\/span><\/a><\/span><\/span><\/span><\/p>\r\n<p data-renderer-start-pos=\"5481\">Opera von hier aus: <span data-inline-card=\"true\" data-card-url=\"http:\/\/help.opera.com\/Windows\/11.50\/es-ES\/cookies.html\" data-annotation-inline-node=\"true\" data-annotation-mark=\"true\" data-renderer-start-pos=\"5502\"><span class=\"loader-wrapper\"><span class=\"hover-card-trigger-wrapper\" data-testid=\"hover-card-trigger-wrapper\"><a class=\"_1yt4x7n9 _2rko12b0 _v56415x0 _1e0c1nu9 _16d9qvcn _syaz13af _1rkwglyw _4cvx1w55 _19itia51 _bfhkhp5a _1a3b1r31 _4fprglyw _5goinqa1 _9oik1r31 _1bnxglyw _jf4cnqa1 _1nrm1r31 _c2waglyw _1iohnqa1 _uizt1kdv _nt751r31 _49pcglyw _1hvw1o36 _1372tlke _7ehiw5lj _1j5pglyw _1di615s3\" href=\"http:\/\/help.opera.com\/Windows\/11.50\/es-ES\/cookies.html\" data-testid=\"inline-card-resolved-view\"><span class=\"_19itglyw _vchhusvi _r06hglyw _o5721jtm _1nmz9jpi _16d9qvcn _ca0qv77o _u5f31b66 _n3tdv77o _19bv1b66\" data-testid=\"inline-card-icon-and-title\"><span class=\"_19itglyw _vchhusvi _r06hglyw\">Web preferences<\/span><\/span><\/a><\/span><\/span><\/span><\/p><\/div><\/div><\/div>\n","protected":false},"excerpt":{"rendered":"","protected":false},"author":1,"featured_media":0,"parent":0,"menu_order":0,"comment_status":"closed","ping_status":"closed","template":"","meta":{"footnotes":""},"locations":[],"class_list":["post-3198430","page","type-page","status-publish","hentry"],"yoast_head":"<!-- This site is optimized with the Yoast SEO plugin v27.4 - https:\/\/yoast.com\/product\/yoast-seo-wordpress\/ -->\n<title>Cookie-Richtlinien - Agenzia Lampo<\/title>\n<meta name=\"robots\" content=\"noindex, nofollow\" \/>\n<meta property=\"og:locale\" content=\"de_DE\" \/>\n<meta property=\"og:type\" content=\"article\" \/>\n<meta property=\"og:title\" content=\"Cookie-Richtlinien - Agenzia Lampo\" \/>\n<meta property=\"og:url\" content=\"https:\/\/www.lampo.it\/de\/cookie-richtlinien\/\" \/>\n<meta property=\"og:site_name\" content=\"Agenzia Lampo\" \/>\n<meta name=\"twitter:card\" content=\"summary_large_image\" \/>\n<script type=\"application\/ld+json\" class=\"yoast-schema-graph\">{\"@context\":\"https:\\\/\\\/schema.org\",\"@graph\":[{\"@type\":\"WebPage\",\"@id\":\"https:\\\/\\\/www.lampo.it\\\/de\\\/cookie-richtlinien\\\/\",\"url\":\"https:\\\/\\\/www.lampo.it\\\/de\\\/cookie-richtlinien\\\/\",\"name\":\"Cookie-Richtlinien - Agenzia Lampo\",\"isPartOf\":{\"@id\":\"https:\\\/\\\/www.lampo.it\\\/#website\"},\"datePublished\":\"2026-02-11T14:56:11+00:00\",\"breadcrumb\":{\"@id\":\"https:\\\/\\\/www.lampo.it\\\/de\\\/cookie-richtlinien\\\/#breadcrumb\"},\"inLanguage\":\"de\",\"potentialAction\":[{\"@type\":\"ReadAction\",\"target\":[\"https:\\\/\\\/www.lampo.it\\\/de\\\/cookie-richtlinien\\\/\"]}]},{\"@type\":\"BreadcrumbList\",\"@id\":\"https:\\\/\\\/www.lampo.it\\\/de\\\/cookie-richtlinien\\\/#breadcrumb\",\"itemListElement\":[{\"@type\":\"ListItem\",\"position\":1,\"name\":\"Home\",\"item\":\"https:\\\/\\\/www.lampo.it\\\/\"},{\"@type\":\"ListItem\",\"position\":2,\"name\":\"Cookie-Richtlinien\"}]},{\"@type\":\"WebSite\",\"@id\":\"https:\\\/\\\/www.lampo.it\\\/#website\",\"url\":\"https:\\\/\\\/www.lampo.it\\\/\",\"name\":\"Agenzia Lampo\",\"description\":\"Agenzia Lampo. Affitti brevi sulla Costa Veneta\",\"publisher\":{\"@id\":\"https:\\\/\\\/www.lampo.it\\\/#organization\"},\"potentialAction\":[{\"@type\":\"SearchAction\",\"target\":{\"@type\":\"EntryPoint\",\"urlTemplate\":\"https:\\\/\\\/www.lampo.it\\\/?s={search_term_string}\"},\"query-input\":{\"@type\":\"PropertyValueSpecification\",\"valueRequired\":true,\"valueName\":\"search_term_string\"}}],\"inLanguage\":\"de\"},{\"@type\":\"Organization\",\"@id\":\"https:\\\/\\\/www.lampo.it\\\/#organization\",\"name\":\"Agenzia Lampo\",\"url\":\"https:\\\/\\\/www.lampo.it\\\/\",\"logo\":{\"@type\":\"ImageObject\",\"inLanguage\":\"de\",\"@id\":\"https:\\\/\\\/www.lampo.it\\\/#\\\/schema\\\/logo\\\/image\\\/\",\"url\":\"https:\\\/\\\/www.lampo.it\\\/wp-content\\\/uploads\\\/2025\\\/07\\\/logo-lampo_ok_2012.png\",\"contentUrl\":\"https:\\\/\\\/www.lampo.it\\\/wp-content\\\/uploads\\\/2025\\\/07\\\/logo-lampo_ok_2012.png\",\"width\":349,\"height\":137,\"caption\":\"Agenzia Lampo\"},\"image\":{\"@id\":\"https:\\\/\\\/www.lampo.it\\\/#\\\/schema\\\/logo\\\/image\\\/\"}}]}<\/script>\n<!-- \/ Yoast SEO plugin. -->","yoast_head_json":{"title":"Cookie-Richtlinien - Agenzia Lampo","robots":{"index":"noindex","follow":"nofollow"},"og_locale":"de_DE","og_type":"article","og_title":"Cookie-Richtlinien - Agenzia Lampo","og_url":"https:\/\/www.lampo.it\/de\/cookie-richtlinien\/","og_site_name":"Agenzia Lampo","twitter_card":"summary_large_image","schema":{"@context":"https:\/\/schema.org","@graph":[{"@type":"WebPage","@id":"https:\/\/www.lampo.it\/de\/cookie-richtlinien\/","url":"https:\/\/www.lampo.it\/de\/cookie-richtlinien\/","name":"Cookie-Richtlinien - Agenzia Lampo","isPartOf":{"@id":"https:\/\/www.lampo.it\/#website"},"datePublished":"2026-02-11T14:56:11+00:00","breadcrumb":{"@id":"https:\/\/www.lampo.it\/de\/cookie-richtlinien\/#breadcrumb"},"inLanguage":"de","potentialAction":[{"@type":"ReadAction","target":["https:\/\/www.lampo.it\/de\/cookie-richtlinien\/"]}]},{"@type":"BreadcrumbList","@id":"https:\/\/www.lampo.it\/de\/cookie-richtlinien\/#breadcrumb","itemListElement":[{"@type":"ListItem","position":1,"name":"Home","item":"https:\/\/www.lampo.it\/"},{"@type":"ListItem","position":2,"name":"Cookie-Richtlinien"}]},{"@type":"WebSite","@id":"https:\/\/www.lampo.it\/#website","url":"https:\/\/www.lampo.it\/","name":"Agenzia Lampo","description":"Agenzia Lampo. Affitti brevi sulla Costa Veneta","publisher":{"@id":"https:\/\/www.lampo.it\/#organization"},"potentialAction":[{"@type":"SearchAction","target":{"@type":"EntryPoint","urlTemplate":"https:\/\/www.lampo.it\/?s={search_term_string}"},"query-input":{"@type":"PropertyValueSpecification","valueRequired":true,"valueName":"search_term_string"}}],"inLanguage":"de"},{"@type":"Organization","@id":"https:\/\/www.lampo.it\/#organization","name":"Agenzia Lampo","url":"https:\/\/www.lampo.it\/","logo":{"@type":"ImageObject","inLanguage":"de","@id":"https:\/\/www.lampo.it\/#\/schema\/logo\/image\/","url":"https:\/\/www.lampo.it\/wp-content\/uploads\/2025\/07\/logo-lampo_ok_2012.png","contentUrl":"https:\/\/www.lampo.it\/wp-content\/uploads\/2025\/07\/logo-lampo_ok_2012.png","width":349,"height":137,"caption":"Agenzia Lampo"},"image":{"@id":"https:\/\/www.lampo.it\/#\/schema\/logo\/image\/"}}]}},"_links":{"self":[{"href":"https:\/\/www.lampo.it\/de\/wp-json\/wp\/v2\/pages\/3198430","targetHints":{"allow":["GET"]}}],"collection":[{"href":"https:\/\/www.lampo.it\/de\/wp-json\/wp\/v2\/pages"}],"about":[{"href":"https:\/\/www.lampo.it\/de\/wp-json\/wp\/v2\/types\/page"}],"author":[{"embeddable":true,"href":"https:\/\/www.lampo.it\/de\/wp-json\/wp\/v2\/users\/1"}],"replies":[{"embeddable":true,"href":"https:\/\/www.lampo.it\/de\/wp-json\/wp\/v2\/comments?post=3198430"}],"version-history":[{"count":0,"href":"https:\/\/www.lampo.it\/de\/wp-json\/wp\/v2\/pages\/3198430\/revisions"}],"wp:attachment":[{"href":"https:\/\/www.lampo.it\/de\/wp-json\/wp\/v2\/media?parent=3198430"}],"wp:term":[{"taxonomy":"locations","embeddable":true,"href":"https:\/\/www.lampo.it\/de\/wp-json\/wp\/v2\/locations?post=3198430"}],"curies":[{"name":"wp","href":"https:\/\/api.w.org\/{rel}","templated":true}]}}