{"id":3198433,"date":"2026-02-11T14:56:12","date_gmt":"2026-02-11T14:56:12","guid":{"rendered":"https:\/\/www.lampo.it\/impressum\/"},"modified":"2026-02-11T14:56:12","modified_gmt":"2026-02-11T14:56:12","slug":"impressum","status":"publish","type":"page","link":"https:\/\/www.lampo.it\/de\/impressum\/","title":{"rendered":"Impressum"},"content":{"rendered":"<div id=\"politicas-contenido\"><div class=\"box\">\n<div id=\"contentNuevoAvisoLegal\">\n    <div id=\"contentPoliticaCookies\">\r\n<p data-start=\"123\" data-end=\"363\">\u00a0Dieser rechtliche Haftungsausschluss regelt die Nutzung der Website <a href=\"https:\/\/www.lampo.it\/\">lampo.it<\/a>, die Eigentum von AGENZIA LAMPO (nachfolgend \u201eder Eigent\u00fcmer\u201c) ist.<\/p>\r\n<p>\u00a0<\/p>\r\n<p><strong>Eigent\u00fcmerdaten<\/strong><\/p>\r\n<p>Name oder Firmenname: Agenzia Lampo di Mazzarotto Giovanni srl<\/p>\r\n<p>Firmennummer\/CIF\/NIF: 02704030275<\/p>\r\n<p>Adresse: via A. Sommariva, 18 Portogruaro<\/p>\r\n<p>Unternehmensregister: REA 255340<\/p>\r\n<p><strong>Nutzungsbedingungen<\/strong><\/p>\r\n<p>Der Zugriff auf und die Nutzung der Website <a class=\"_ymio1r31 _ypr0glyw _zcxs1o36 _mizu1v1w _1ah3dkaa _ra3xnqa1 _128mdkaa _1cvmnqa1 _4davt94y _4bfu1r31 _1hms8stv _ajmmnqa1 _vchhusvi _kqswh2mm _syaz13af _ect4ttxp _1a3b1r31 _4fpr8stv _5goinqa1 _f8pj13af _9oik1r31 _1bnxglyw _jf4cnqa1 _30l313af _1nrm1r31 _c2waglyw _1iohnqa1 _9h8h12zz _10531ra0 _1ien1ra0 _n0fx1ra0 _1vhv17z1\" title=\"lampo.it\" href=\"https:\/\/www.lampo.it\/\" data-renderer-mark=\"true\">lampo.it<\/a>\u00a0sind von der Annahme der hierin dargelegten Bedingungen abh\u00e4ngig. Die Nutzung der Website setzt die vollst\u00e4ndige und vorbehaltlose Annahme aller einzelnen Bestimmungen dieses rechtlichen Haftungsausschlusses voraus.<\/p>\r\n<p><strong>Rechte an geistigem Eigentum<\/strong><\/p>\r\n<p>Alle Inhalte der Website (Texte, Fotos, Grafiken, Bilder, Symbole, Software, Links usw.) sind ausschlie\u00dfliches Eigentum von Mazzarotto Giovanni oder Dritten, deren Rechte vom Eigent\u00fcmer anerkannt werden. Ihre Vervielf\u00e4ltigung, Verbreitung, \u00f6ffentliche Wiedergabe, Umwandlung oder jede andere Form der Verwertung, die nicht ausdr\u00fccklich schriftlich vom Eigent\u00fcmer genehmigt wurde, ist verboten.<\/p>\r\n<p><strong>Haftungsausschluss<\/strong><\/p>\r\n<p>Der Eigent\u00fcmer haftet nicht f\u00fcr Sch\u00e4den jeglicher Art, die durch die Nutzung dieser Website entstehen k\u00f6nnen, einschlie\u00dflich, aber nicht beschr\u00e4nkt auf Fehler oder Auslassungen im Inhalt, mangelnde Verf\u00fcgbarkeit der Website oder die \u00dcbertragung von Viren oder b\u00f6sartigen oder sch\u00e4dlichen Programmen im Inhalt.<\/p>\r\n<\/div><\/div>\n<\/div><\/div>\n","protected":false},"excerpt":{"rendered":"","protected":false},"author":1,"featured_media":0,"parent":0,"menu_order":0,"comment_status":"closed","ping_status":"closed","template":"","meta":{"footnotes":""},"locations":[],"class_list":["post-3198433","page","type-page","status-publish","hentry"],"yoast_head":"<!-- This site is optimized with the Yoast SEO plugin v27.4 - https:\/\/yoast.com\/product\/yoast-seo-wordpress\/ -->\n<title>Impressum - Agenzia Lampo<\/title>\n<meta name=\"robots\" content=\"noindex, nofollow\" \/>\n<meta property=\"og:locale\" content=\"de_DE\" \/>\n<meta property=\"og:type\" content=\"article\" \/>\n<meta property=\"og:title\" content=\"Impressum - Agenzia Lampo\" \/>\n<meta property=\"og:url\" content=\"https:\/\/www.lampo.it\/de\/impressum\/\" \/>\n<meta property=\"og:site_name\" content=\"Agenzia Lampo\" \/>\n<meta name=\"twitter:card\" content=\"summary_large_image\" \/>\n<script type=\"application\/ld+json\" class=\"yoast-schema-graph\">{\"@context\":\"https:\\\/\\\/schema.org\",\"@graph\":[{\"@type\":\"WebPage\",\"@id\":\"https:\\\/\\\/www.lampo.it\\\/de\\\/impressum\\\/\",\"url\":\"https:\\\/\\\/www.lampo.it\\\/de\\\/impressum\\\/\",\"name\":\"Impressum - Agenzia Lampo\",\"isPartOf\":{\"@id\":\"https:\\\/\\\/www.lampo.it\\\/#website\"},\"datePublished\":\"2026-02-11T14:56:12+00:00\",\"breadcrumb\":{\"@id\":\"https:\\\/\\\/www.lampo.it\\\/de\\\/impressum\\\/#breadcrumb\"},\"inLanguage\":\"de\",\"potentialAction\":[{\"@type\":\"ReadAction\",\"target\":[\"https:\\\/\\\/www.lampo.it\\\/de\\\/impressum\\\/\"]}]},{\"@type\":\"BreadcrumbList\",\"@id\":\"https:\\\/\\\/www.lampo.it\\\/de\\\/impressum\\\/#breadcrumb\",\"itemListElement\":[{\"@type\":\"ListItem\",\"position\":1,\"name\":\"Home\",\"item\":\"https:\\\/\\\/www.lampo.it\\\/\"},{\"@type\":\"ListItem\",\"position\":2,\"name\":\"Impressum\"}]},{\"@type\":\"WebSite\",\"@id\":\"https:\\\/\\\/www.lampo.it\\\/#website\",\"url\":\"https:\\\/\\\/www.lampo.it\\\/\",\"name\":\"Agenzia Lampo\",\"description\":\"Agenzia Lampo. Affitti brevi sulla Costa Veneta\",\"publisher\":{\"@id\":\"https:\\\/\\\/www.lampo.it\\\/#organization\"},\"potentialAction\":[{\"@type\":\"SearchAction\",\"target\":{\"@type\":\"EntryPoint\",\"urlTemplate\":\"https:\\\/\\\/www.lampo.it\\\/?s={search_term_string}\"},\"query-input\":{\"@type\":\"PropertyValueSpecification\",\"valueRequired\":true,\"valueName\":\"search_term_string\"}}],\"inLanguage\":\"de\"},{\"@type\":\"Organization\",\"@id\":\"https:\\\/\\\/www.lampo.it\\\/#organization\",\"name\":\"Agenzia Lampo\",\"url\":\"https:\\\/\\\/www.lampo.it\\\/\",\"logo\":{\"@type\":\"ImageObject\",\"inLanguage\":\"de\",\"@id\":\"https:\\\/\\\/www.lampo.it\\\/#\\\/schema\\\/logo\\\/image\\\/\",\"url\":\"https:\\\/\\\/www.lampo.it\\\/wp-content\\\/uploads\\\/2025\\\/07\\\/logo-lampo_ok_2012.png\",\"contentUrl\":\"https:\\\/\\\/www.lampo.it\\\/wp-content\\\/uploads\\\/2025\\\/07\\\/logo-lampo_ok_2012.png\",\"width\":349,\"height\":137,\"caption\":\"Agenzia Lampo\"},\"image\":{\"@id\":\"https:\\\/\\\/www.lampo.it\\\/#\\\/schema\\\/logo\\\/image\\\/\"}}]}<\/script>\n<!-- \/ Yoast SEO plugin. -->","yoast_head_json":{"title":"Impressum - Agenzia Lampo","robots":{"index":"noindex","follow":"nofollow"},"og_locale":"de_DE","og_type":"article","og_title":"Impressum - Agenzia Lampo","og_url":"https:\/\/www.lampo.it\/de\/impressum\/","og_site_name":"Agenzia Lampo","twitter_card":"summary_large_image","schema":{"@context":"https:\/\/schema.org","@graph":[{"@type":"WebPage","@id":"https:\/\/www.lampo.it\/de\/impressum\/","url":"https:\/\/www.lampo.it\/de\/impressum\/","name":"Impressum - Agenzia Lampo","isPartOf":{"@id":"https:\/\/www.lampo.it\/#website"},"datePublished":"2026-02-11T14:56:12+00:00","breadcrumb":{"@id":"https:\/\/www.lampo.it\/de\/impressum\/#breadcrumb"},"inLanguage":"de","potentialAction":[{"@type":"ReadAction","target":["https:\/\/www.lampo.it\/de\/impressum\/"]}]},{"@type":"BreadcrumbList","@id":"https:\/\/www.lampo.it\/de\/impressum\/#breadcrumb","itemListElement":[{"@type":"ListItem","position":1,"name":"Home","item":"https:\/\/www.lampo.it\/"},{"@type":"ListItem","position":2,"name":"Impressum"}]},{"@type":"WebSite","@id":"https:\/\/www.lampo.it\/#website","url":"https:\/\/www.lampo.it\/","name":"Agenzia Lampo","description":"Agenzia Lampo. Affitti brevi sulla Costa Veneta","publisher":{"@id":"https:\/\/www.lampo.it\/#organization"},"potentialAction":[{"@type":"SearchAction","target":{"@type":"EntryPoint","urlTemplate":"https:\/\/www.lampo.it\/?s={search_term_string}"},"query-input":{"@type":"PropertyValueSpecification","valueRequired":true,"valueName":"search_term_string"}}],"inLanguage":"de"},{"@type":"Organization","@id":"https:\/\/www.lampo.it\/#organization","name":"Agenzia Lampo","url":"https:\/\/www.lampo.it\/","logo":{"@type":"ImageObject","inLanguage":"de","@id":"https:\/\/www.lampo.it\/#\/schema\/logo\/image\/","url":"https:\/\/www.lampo.it\/wp-content\/uploads\/2025\/07\/logo-lampo_ok_2012.png","contentUrl":"https:\/\/www.lampo.it\/wp-content\/uploads\/2025\/07\/logo-lampo_ok_2012.png","width":349,"height":137,"caption":"Agenzia Lampo"},"image":{"@id":"https:\/\/www.lampo.it\/#\/schema\/logo\/image\/"}}]}},"_links":{"self":[{"href":"https:\/\/www.lampo.it\/de\/wp-json\/wp\/v2\/pages\/3198433","targetHints":{"allow":["GET"]}}],"collection":[{"href":"https:\/\/www.lampo.it\/de\/wp-json\/wp\/v2\/pages"}],"about":[{"href":"https:\/\/www.lampo.it\/de\/wp-json\/wp\/v2\/types\/page"}],"author":[{"embeddable":true,"href":"https:\/\/www.lampo.it\/de\/wp-json\/wp\/v2\/users\/1"}],"replies":[{"embeddable":true,"href":"https:\/\/www.lampo.it\/de\/wp-json\/wp\/v2\/comments?post=3198433"}],"version-history":[{"count":0,"href":"https:\/\/www.lampo.it\/de\/wp-json\/wp\/v2\/pages\/3198433\/revisions"}],"wp:attachment":[{"href":"https:\/\/www.lampo.it\/de\/wp-json\/wp\/v2\/media?parent=3198433"}],"wp:term":[{"taxonomy":"locations","embeddable":true,"href":"https:\/\/www.lampo.it\/de\/wp-json\/wp\/v2\/locations?post=3198433"}],"curies":[{"name":"wp","href":"https:\/\/api.w.org\/{rel}","templated":true}]}}