{"id":3198439,"date":"2026-02-11T14:56:14","date_gmt":"2026-02-11T14:56:14","guid":{"rendered":"https:\/\/www.lampo.it\/geschaftsbedingungen\/"},"modified":"2026-02-11T14:56:14","modified_gmt":"2026-02-11T14:56:14","slug":"geschaftsbedingungen","status":"publish","type":"page","link":"https:\/\/www.lampo.it\/de\/geschaftsbedingungen\/","title":{"rendered":"Gesch\u00e4ftsbedingungen"},"content":{"rendered":"<div id=\"politicas-contenido\"><div class=\"box\"><div id=\"contentCondiciones\">\r\n    <p>Allgemeine Mietbedingungen<\/p>\r\n<p>Allgemeine Mietbedingungen<\/p>\r\n<p><strong>1 \u2013 Voraussetzung <\/strong>\u2013 Das ernannte Objekt in Ihrem Mietvertrag wird ausschlie\u00dflichen f\u00fcr zivilen Wohngebrauch als Ferienwohnung<\/p>\r\n<p>vermietet im Sinn des Art. 1 (Komma 2 Buchstabe C, Gesetz 431\/98).<\/p>\r\n<p><strong>2 \u2013 Reservierung <\/strong>\u2013 Die Reservierung kann pers\u00f6nlich direkt in unserer Filiale, per Telefon, per E-Mail oder auf der Seite <a href=\"http:\/\/www.lampo.it\/\">www.lampo.it<\/a> erfolgen. Die Buchung ist nur nach Erhalt der \u201cBuchungsbest\u00e4tigung\u201d Email, die nach der Zahlung der Anzahlung gesendet wird, mit dieser best\u00e4tig der Kunde das Einverst\u00e4ndnis zu den vorliegenden allgemeinen Vermietungsbestimmungen.<\/p>\r\n<p><strong>3 \u2013 Bezahlung <\/strong>\u2013 Bei Reservierung wird eine Anzahlung von 30% der Mietsumme <strong>(Minimun Euro 100,00) <\/strong>verlangt. Die restlichen 70% der Miete und die Summe der obligatorischen oder\/und fakultativen Nebenkosten m\u00fcssen bei Ankunft beglichen werden. Die Anzahlung kann pers\u00f6nlich in den B\u00fcros, per Post, Postanweisung (keine Online-Zahlungsanweisung) oder Einschreibebrief mit Scheck, oder mit Bank\u00fcberweisung die Bankverbindung finden Sie auf der Seite <a href=\"http:\/\/www.lampo.it\/\">www.lampo.it<\/a> unter \u201ckommerzielle Informationen\u201d. F\u00fcr On-line Buchen muss die 30%ige Anzahlung per Kreditkarte direkt an die Agentur Lampo geleistet werden. Der Saldo der Mietsumme mit den eventuellen Nebenkosten mu\u00df bei Ankunft oder vorher On-line durch die Seite <a href=\"http:\/\/www.lampo.it\/\">www.lampo.it<\/a> mit der Kreditkarte beglichen und zusammen mit der Dokumentation wie im Punkt 6 beschrieben vorgewiesen werden.<\/p>\r\n<p>Die Wohnungsschl\u00fcssel werden nur nach vollkommener Bezahlung der Mietsumme und den eventuellen Nebenkosten ausgeh\u00e4ndigt.<\/p>\r\n<p><strong>4 \u2013 K\u00fcndigung und Vertragsstrafe <\/strong>\u2013 Falls der Kunde aufgrund <strong>schwerwiegender Gr\u00fcnde<\/strong> (f\u00fcr schwerwiegender Gr\u00fcnde bedeutet nur Krankheit oder Unfall, die die Reise einer der Mitglieder der Reservierung nicht zulassen, nachgewiesen durch ein \u00e4rztliches- oder ein Krankenhausattest) sich gezwungen sieht, die Buchung mittels schriftlicher Mitteilung an uns zu stornieren, <strong>geht die gezahlte Anzahlung nicht verloren, wenn die Stornierung bis sp\u00e4testens 14 Tage vor der Anreise vorgenommen wird. Die Anzahlung kann f\u00fcr eine Buchung in unseren Einrichtungen w\u00e4hrend der laufenden Saison oder in der darauffolgenden Saison benutzt werden<\/strong>. Im Fall der Stornierung ab dem 14. Tag vor der Ankunft, wird die Anzahlung verrechnet. <br \/> Im Fall von NO SHOW (Nichterscheinen des Kunden innerhalb das Ankunftsdatum folgenden Tag ohne Mitteilung gegeben zu haben), verliert der Kunde die Anzahlung und ist verpflichtet, den Saldo der Wohnungsmiete der gesamten Buchung zu zahlen, im Falle die Agentur Lampo die Wohnung nicht wieder vermietet oder zu einen niedrigeren Preis vermietet.<\/p>\r\n<p>Sollte der Kunde entscheiden, das Appartement vor dem Ende der im Best\u00e4tigungsschreiben festgelegten Mietperiode zu verlassen, werden weder Miete noch bereits gezahlte Kosten von Agentur Lampo zur\u00fcckerstattet.<\/p>\r\n<p><strong>5 \u2013 Preis <\/strong>\u2013 Im Mietvertrag wird der Mietpreis so angegeben wie auch die Aufenthaltszeit und die gew\u00e4hlte Immobilie wie auch die Vertragskosten an. Weitere fakultative oder obligatorische Ausgaben, variieren je nach Kundenbedarf und finden Sie auf der Webseite und im Lampo Katalog unter der Spalte Nebenkosten angef\u00fchrt. Der Kunde best\u00e4tigt bei der Buchung und mit der \u00dcberweisung der Anzahlung seine Kenntnisnahme und sein Einverst\u00e4ndnis zu diesen Nebenkosten aus. Die Betraege die der Kunde an der Agentur Lampo vor der Anreise bezahlen wird, werden von der Agentur Lampo als zinzloses Depositenkonto einbehaltet und werden als Bezahlung der Miete bei der Schluesseluebergabe der Wohnung verrechnet.<\/p>\r\n<p><strong>6 \u2013 Ankunft <\/strong>\u2013 Die Ankunft mu\u00df am vorgesehenen Ankunftstag, zwischen 16.00 und 19.00 Uhr erfolgen. Im Fall einer Versp\u00e4tung bitten wir Sie unverz\u00fcglich die zust\u00e4ndigen B\u00fcros der Filiale Lampo zu verst\u00e4ndigen. Andernfalls bleibt die Wohnung nur einen Tag zur Verf\u00fcgung und anschlie\u00dfend kann sie anderweitig vermietet werden mit allen daraus resultierenden Kosten zu Lasten des Kunden, wie im Punkt 4. <br \/> Bei Ankunft m\u00fcssen zur Anmeldung alle Personalausweise oder P\u00e4sse der G\u00e4ste vorgewiesen werden, die die Wohnung besetzen. Um die Ankunftsformalit\u00e4ten bei der Schl\u00fcssel\u00fcbergabe schneller erledigen zu k\u00f6nnen, raten wir den Kunden, die Hinweise der Mail Check-in Reminder zu fongen. Wir raten Sie zu genauer und korrekter Eingabe Ihren Daten, die als Mitteilung bei der zust\u00e4ndigen Beh\u00f6rden verwendet werden.<\/p>\r\n<p><strong>7 \u2013 Aufenthaltsbestimmungen <\/strong>\u2013 Es ist verboten die Personenzahl (Betten) die in Ihrem Mietvertrag beschrieben sind zu \u00fcberschreiten. Kinder z\u00e4hlen wie Erwachsene. Die Agentur Lampo kann gegebenenfalls ihr Einverst\u00e4ndnis zur Aufnahme einer weiteren Person gegen Aufpreis geben, sofern sie nicht von der g\u00fcltigen Norm abweicht. Der auch nur gelegentliche Aufenthalt in der Wohnung von mehr als der vorgesehenen Personenanzahl, f\u00fchrt die Aufl\u00f6sung des Vertrages mit sich und die Verpflichtung des Mieters ein Strafgeld, die der Mietsumme entspricht, zu bezahlen, ausser in den Fall, einen gr\u00f6sseren Schaden. <br \/> <strong>Haustiere sind in einigen unserer Einrichtungen erlaubt. <\/strong>Ueberpruefen Sie die Anlagen mit dem entsprecheden Symbol im Katalog.<strong> Kleine und mitlere Hunde und Katzen <\/strong>bis maximal 10 kg sind erlaubt. Zum Zeitpunkt der Buchung bitten wir Sie, uns ueber die Anwesenheit des Tieres zu informieren<strong>. Es wird ein Aufpreis von 50,00 \u20ac pro Buchung erfordert. <br \/> <\/strong>Der Gebrauch von eigenen Elektrokochern oder Heizger\u00e4ten ist verboten. Alle G\u00e4ste sind angehalten die Hausordnung der einzelnen Wohnh\u00e4user zu ber\u00fccksichtigen und im besonderen die allgemeinen Bestimmungen der Ruhezeiten, wie Mittags-und Nachtruhe zu beachten.<\/p>\r\n<p><strong>8 \u2013 Ausstattung der Wohnungen <\/strong>\u2013 Alle unsere Wohnungen sind komplett eingerichtet und mit Gasherd, elektr. Licht, Warm-und<\/p>\r\n<p>Kaltwasser versorgt. Stromst\u00e4rke 220 Volt. F\u00fcr jedes Bett ist eine Decke vorhanden. Selbst mu\u00df der Kunde nur die Bett-und Tischwaesche, bzw Handtuecher mitbringen. Auf Anfrage ist es moeglich vor Ort Bettw\u00e4sche zu mieten. Die Matratzen- und Kopfkissenschoner d\u00fcrfen nicht als Bettw\u00e4sche ben\u00fctzt werden. Schadenersatz wird gefordert. Normalerweise sind die Wohnungen nicht mit B\u00fcgeleisen bzw. Foen ausgestattet. Der Mieter wird gebeten in der Filiale Lampo evtl. M\u00e4ngel der Wohneinheit oder der Ausstattung innerhalb von 24 Stunden nach Schl\u00fcssel\u00fcbergabe zu melden. Bei Nichtmeldung von M\u00e4ngeln und Defekten k\u00f6nnen evtl. Kosten dem Mieter belastet werden. Falls der Kunde am Ankunftstag eine unzureichende Wechselendreinigung in der Wohnung findet, wird es Pflicht gemacht die Agentur noch am selben Tag zu benachrichtigen (oder innerhalb dem n\u00e4chsten Morgen f\u00fcr die Ank\u00fcnfte nach 19.00 Uhr) um die Nachreinigung seitens der Agentur zu erm\u00f6glichen.<\/p>\r\n<p>Sie werden gebeten, Tische und St\u00fchle von Terrassen und G\u00e4rten einzur\u00e4umen und eventuelle Sonnenmarkiese einzurollen, wenn Sie das Appartement generell verlassen. Es ist verboten T\u00fcren und Fenster offen zu halten, wenn die Klimaanlage (wo vorhanden) in Funktion ist. Bei Ausfall der Klimaanlage (wo vorhanden) auf Grund eines Schadens garantiert die Agentur den Einsatz eines Technikers innerhalb von 3 Tagen ab der Bekanntgabe des Ausfalles. (Sonn- und Feiertage ausgeschlossen). F\u00fcr die Zeit in der die Klimaanlage nicht funktioniert hat, bekommt man den Betrag von Euro 15,00 pro Tag zur\u00fcckerstattet.<\/p>\r\n<p><strong>9 \u2013 Abreise <\/strong>\u2013 Die Wohnung muss bis 10.00 Uhr des vorgesehenen Abreisetages ger\u00e4umt werden. Die Abreise mu\u00df w\u00e4hrend der<\/p>\r\n<p>B\u00fcrozeiten erfolgen um unserem Personal die M\u00f6glichkeit zu geben die Erhaltung und die Reinigung der Wohnung zu kontrollieren. Die<\/p>\r\n<p>Agentur Lampo kann die Abreise auf Anfrage auch nachts oder au\u00dferhalb der B\u00fcrozeiten genehmigen. <br \/> Die Wohnung muss ordentlich und sauber hinterlassen werden (kein M\u00fcll, keine Flaschen und Kisten, mit sauberen F\u00e4chern in den M\u00f6bel sowie gesp\u00fcltem und einger\u00e4umtem Geschirr). Die verf\u00fcgbaren Haushaltsger\u00e4te m\u00fcssen beim Auszug sauber und der Boden besenrein sein. Sollte die Wohnung unordentlich verlassen werden m\u00fcssen die Reinigungskosten, lt. Preisliste berechnet werden.<\/p>\r\n<p><strong>10 \u2013 Kaution <\/strong>\u2013 Der Mieter verpflichtet sich die Wohnung und deren Haushaltsausstattung mit Sorge zu behandeln (Geschirr, K\u00fchlschrank, Matratzen usw.) Evtl. Br\u00fcche oder Besch\u00e4digungen werden dem Gast (nach Preisliste) berechnet.<\/p>\r\n<p>Beim Check-in nach Ihrer Ankunft werden die Daten Ihrer Kreditkarte als Garantie verlangt. Die Kaution dient als Gew\u00e4hrleistung f\u00fcr eventuelle Sch\u00e4den oder Minderungen, die w\u00e4hrend des Aufenthalts entstehen, f\u00fcr die Verpflichtung, die Wohnung ordentlich und sauber zu hinterlassen, und f\u00fcr die Einhaltung der Regeln des zivilen Zusammenlebens sowie der Ruhezeiten von 23.00 bis 8.00 Uhr und von 13.00 bis 15.00 Uhr.<br \/> Vor der Abreise wird die Wohnung \u00fcberpr\u00fcft, und, falls diese nicht in einem ordnungsgem\u00e4\u00dfen Zustand ist, wird ein Betrag abgebucht. Sofern keine Sch\u00e4den vorhanden sind, wird keine Abbuchung vorgenommen.<br \/> <strong>11 \u2013 Verantwortung der Agentur \u2013 <\/strong>Der Vermieter tritt als Vermittler zwischen dem Kunden und dem Wohnungseingentuemer auf. Keine Verantwortung kann daher bei Bruch, Unfaellen, Verlorenem, Verspaetungen und im allgemeinen bei Unannehmlichkeiten die sich in der Wohnung ergeben koennten uebernommen werden. Sie bleibt jedoch mit ihrem Dienst bereit, Hilfreich bei Problemen als Vermietlungsperson bei evt. Anfragen von Schadenersatzanspruchen an Wohnungseingentuemer einzutreten.<\/p>\r\n<p><strong>12 \u2013 Datenschutzen <\/strong>\u2013 Im Sinn und der Auslegung des Gesetzes UE 2016\/679 \u201cSchutz von Personen bei der Behandlung von Privatdaten\u201d informieren wir Sie, dass die Agentur Lampo Ihre pers\u00f6nlichen Daten in diesem Sinn ausschlie\u00dflich f\u00fcr Buchungsservice, die Anforderungen der oeffentlicher Sicherheit der Verwaltung der Buchhaltung und der Steuern so wie das Versenden von elektronischer Mitteilung der aktuellen Preisen und Angebote behandelt. Die angegebenen Daten k\u00f6nnen auch von Giove Spa als externer Datenverarbeiter f\u00fcr die gleichen Zwecke verarbeitet werden. Konsultieren Sie die Informationen auf www.lampo.it. Durch die Absendung der Anzahlung wird die angefuehrte Behandlung der Daten, vom Kunden akzeptiert.<br \/> <strong>13 \u2013 Besondere Normen <\/strong>\u2013 Die Agentur beh\u00e4lt sich das Recht vor, die Wohnungen zu kontrollieren, um deren gewissenhafte Haltung zu pr\u00fcfen. Sollte bei der Pr\u00fcfung eine grobe Missachtung die dem Mieter zuzuschreiben ist auftreten, versteht sich der Mietvertrag mitsofortiger Vollziehung als aufgel\u00f6st, und die Agentur kann eine sofortige Freimachung der Wohnung beantragen, falls n\u00f6tig mitPolizeigewalt, und hat weiters das Recht eine Verg\u00fctung des eventuellen Schadens und die Erstattung der Kosten f\u00fcr das Betriebspersonal durch Fahrl\u00e4ssigkeit und unsachgem\u00e4\u00dfe Verwendung der Ger\u00e4te in der Wohnung einzu\u00fcben. Das Personal und die vertrauten Montage-Firmen der Agentur sind autorisiert in Notf\u00e4llen auch bei Nichtanwesenheit der Bewohner in die Appartements einzutreten. Die Agentur beh\u00e4lt sich im Ausnahmefall das Recht vor, bei der Einteilung der reservierten Wohnung, einen Tausch der Wohnung mit einer anderen mit aehnlichen Merkmalen vorzunehmen. Eventuelle anfallende Mehrkosten werden von der Agentur getragen. Die Anfrage eines bestimmten Appartements (Nummer, Etage, Orientierung, Blick usw. wird von der Agentur in Betracht gezogen, die dennoch keine entsprechende Garantie zusichert (es sei denn es wird ausdr\u00fccklich schriftlich festgehalten). Die Bilder der Einrichtungen und der Grundrisse des Geb\u00e4udes und der einzelnen Einheiten im Katalog und auf der Website sind nur Richtwerte der Zusammensetzung der Wohnungen und M\u00f6bel und k\u00f6nnen nicht als verbindlich betrachtet werden. Die Daten \u00fcber die Energieleistungsumfang jeder einzelnen Geb\u00e4udeeinheit erhalten Sie bei unseren Filialen.<br \/> <strong>14 \u2013 Zust\u00e4ndiger Gerichtshof und anwendbares Recht <\/strong>\u2013 F\u00fcr alle Streitigkeiten ist zus\u00e4tzlich zu den Bestimmungen dieses Vertrages italienisches Recht anwendbar und zust\u00e4ndig, um jede Streitfrage die sich aus dem Vertrag ergeben ist ausschlie\u00dflich der Gerichtshof im Sitz der Agentur Lampo zust\u00e4ndig, vorbehaltlich der im italienischen Recht vorgesehenen Ausnahmen.<br \/> <strong>15 \u2013 Annahme - <\/strong>Der Kunde best\u00e4tigt, von allen vorstehenden Vertragsbedingungen Kenntnis genommen zu haben und diese uneingeschr\u00e4nkt und vorbehaltlos zu akzeptieren.<br \/> <strong>16 \u2013 City Tax <\/strong>\u2013 im Jahr 2013 wurde in vielen italienischen Gemeinden die Kurtaxe eingef\u00fcgt, die beim Ausgleich der Restbetrag bei Ankunft und vor Schl\u00fcsselausgabe verlangt wird. Die H\u00f6he der Kurtaxe variiert von Stadt zu Stadt und wird pro Person und Nacht bestimmt. F\u00fcr weitere Informationen \u00fcber diese Gemeindesteuer und dessen H\u00f6he schauen Sie unter die Bezeichnung Preislisten\/weitere Kosten auf unsere Webseite <a href=\"http:\/\/www.lampo.it\/\">www.lampo.it<\/a>.<\/p><\/div>\r\n<div id=\"proteccion_datos\"><\/div>\r\n<\/div><\/div>\n","protected":false},"excerpt":{"rendered":"","protected":false},"author":1,"featured_media":0,"parent":0,"menu_order":0,"comment_status":"closed","ping_status":"closed","template":"","meta":{"footnotes":""},"locations":[],"class_list":["post-3198439","page","type-page","status-publish","hentry"],"yoast_head":"<!-- This site is optimized with the Yoast SEO plugin v27.4 - https:\/\/yoast.com\/product\/yoast-seo-wordpress\/ -->\n<title>Gesch\u00e4ftsbedingungen - Agenzia Lampo<\/title>\n<meta name=\"robots\" content=\"noindex, nofollow\" \/>\n<meta property=\"og:locale\" content=\"de_DE\" \/>\n<meta property=\"og:type\" content=\"article\" \/>\n<meta property=\"og:title\" content=\"Gesch\u00e4ftsbedingungen - Agenzia Lampo\" \/>\n<meta property=\"og:url\" content=\"https:\/\/www.lampo.it\/de\/geschaftsbedingungen\/\" \/>\n<meta property=\"og:site_name\" content=\"Agenzia Lampo\" \/>\n<meta name=\"twitter:card\" content=\"summary_large_image\" \/>\n<script type=\"application\/ld+json\" class=\"yoast-schema-graph\">{\"@context\":\"https:\\\/\\\/schema.org\",\"@graph\":[{\"@type\":\"WebPage\",\"@id\":\"https:\\\/\\\/www.lampo.it\\\/de\\\/geschaftsbedingungen\\\/\",\"url\":\"https:\\\/\\\/www.lampo.it\\\/de\\\/geschaftsbedingungen\\\/\",\"name\":\"Gesch\u00e4ftsbedingungen - Agenzia Lampo\",\"isPartOf\":{\"@id\":\"https:\\\/\\\/www.lampo.it\\\/#website\"},\"datePublished\":\"2026-02-11T14:56:14+00:00\",\"breadcrumb\":{\"@id\":\"https:\\\/\\\/www.lampo.it\\\/de\\\/geschaftsbedingungen\\\/#breadcrumb\"},\"inLanguage\":\"de\",\"potentialAction\":[{\"@type\":\"ReadAction\",\"target\":[\"https:\\\/\\\/www.lampo.it\\\/de\\\/geschaftsbedingungen\\\/\"]}]},{\"@type\":\"BreadcrumbList\",\"@id\":\"https:\\\/\\\/www.lampo.it\\\/de\\\/geschaftsbedingungen\\\/#breadcrumb\",\"itemListElement\":[{\"@type\":\"ListItem\",\"position\":1,\"name\":\"Home\",\"item\":\"https:\\\/\\\/www.lampo.it\\\/\"},{\"@type\":\"ListItem\",\"position\":2,\"name\":\"Gesch\u00e4ftsbedingungen\"}]},{\"@type\":\"WebSite\",\"@id\":\"https:\\\/\\\/www.lampo.it\\\/#website\",\"url\":\"https:\\\/\\\/www.lampo.it\\\/\",\"name\":\"Agenzia Lampo\",\"description\":\"Agenzia Lampo. Affitti brevi sulla Costa Veneta\",\"publisher\":{\"@id\":\"https:\\\/\\\/www.lampo.it\\\/#organization\"},\"potentialAction\":[{\"@type\":\"SearchAction\",\"target\":{\"@type\":\"EntryPoint\",\"urlTemplate\":\"https:\\\/\\\/www.lampo.it\\\/?s={search_term_string}\"},\"query-input\":{\"@type\":\"PropertyValueSpecification\",\"valueRequired\":true,\"valueName\":\"search_term_string\"}}],\"inLanguage\":\"de\"},{\"@type\":\"Organization\",\"@id\":\"https:\\\/\\\/www.lampo.it\\\/#organization\",\"name\":\"Agenzia Lampo\",\"url\":\"https:\\\/\\\/www.lampo.it\\\/\",\"logo\":{\"@type\":\"ImageObject\",\"inLanguage\":\"de\",\"@id\":\"https:\\\/\\\/www.lampo.it\\\/#\\\/schema\\\/logo\\\/image\\\/\",\"url\":\"https:\\\/\\\/www.lampo.it\\\/wp-content\\\/uploads\\\/2025\\\/07\\\/logo-lampo_ok_2012.png\",\"contentUrl\":\"https:\\\/\\\/www.lampo.it\\\/wp-content\\\/uploads\\\/2025\\\/07\\\/logo-lampo_ok_2012.png\",\"width\":349,\"height\":137,\"caption\":\"Agenzia Lampo\"},\"image\":{\"@id\":\"https:\\\/\\\/www.lampo.it\\\/#\\\/schema\\\/logo\\\/image\\\/\"}}]}<\/script>\n<!-- \/ Yoast SEO plugin. -->","yoast_head_json":{"title":"Gesch\u00e4ftsbedingungen - Agenzia Lampo","robots":{"index":"noindex","follow":"nofollow"},"og_locale":"de_DE","og_type":"article","og_title":"Gesch\u00e4ftsbedingungen - Agenzia Lampo","og_url":"https:\/\/www.lampo.it\/de\/geschaftsbedingungen\/","og_site_name":"Agenzia Lampo","twitter_card":"summary_large_image","schema":{"@context":"https:\/\/schema.org","@graph":[{"@type":"WebPage","@id":"https:\/\/www.lampo.it\/de\/geschaftsbedingungen\/","url":"https:\/\/www.lampo.it\/de\/geschaftsbedingungen\/","name":"Gesch\u00e4ftsbedingungen - Agenzia Lampo","isPartOf":{"@id":"https:\/\/www.lampo.it\/#website"},"datePublished":"2026-02-11T14:56:14+00:00","breadcrumb":{"@id":"https:\/\/www.lampo.it\/de\/geschaftsbedingungen\/#breadcrumb"},"inLanguage":"de","potentialAction":[{"@type":"ReadAction","target":["https:\/\/www.lampo.it\/de\/geschaftsbedingungen\/"]}]},{"@type":"BreadcrumbList","@id":"https:\/\/www.lampo.it\/de\/geschaftsbedingungen\/#breadcrumb","itemListElement":[{"@type":"ListItem","position":1,"name":"Home","item":"https:\/\/www.lampo.it\/"},{"@type":"ListItem","position":2,"name":"Gesch\u00e4ftsbedingungen"}]},{"@type":"WebSite","@id":"https:\/\/www.lampo.it\/#website","url":"https:\/\/www.lampo.it\/","name":"Agenzia Lampo","description":"Agenzia Lampo. Affitti brevi sulla Costa Veneta","publisher":{"@id":"https:\/\/www.lampo.it\/#organization"},"potentialAction":[{"@type":"SearchAction","target":{"@type":"EntryPoint","urlTemplate":"https:\/\/www.lampo.it\/?s={search_term_string}"},"query-input":{"@type":"PropertyValueSpecification","valueRequired":true,"valueName":"search_term_string"}}],"inLanguage":"de"},{"@type":"Organization","@id":"https:\/\/www.lampo.it\/#organization","name":"Agenzia Lampo","url":"https:\/\/www.lampo.it\/","logo":{"@type":"ImageObject","inLanguage":"de","@id":"https:\/\/www.lampo.it\/#\/schema\/logo\/image\/","url":"https:\/\/www.lampo.it\/wp-content\/uploads\/2025\/07\/logo-lampo_ok_2012.png","contentUrl":"https:\/\/www.lampo.it\/wp-content\/uploads\/2025\/07\/logo-lampo_ok_2012.png","width":349,"height":137,"caption":"Agenzia Lampo"},"image":{"@id":"https:\/\/www.lampo.it\/#\/schema\/logo\/image\/"}}]}},"_links":{"self":[{"href":"https:\/\/www.lampo.it\/de\/wp-json\/wp\/v2\/pages\/3198439","targetHints":{"allow":["GET"]}}],"collection":[{"href":"https:\/\/www.lampo.it\/de\/wp-json\/wp\/v2\/pages"}],"about":[{"href":"https:\/\/www.lampo.it\/de\/wp-json\/wp\/v2\/types\/page"}],"author":[{"embeddable":true,"href":"https:\/\/www.lampo.it\/de\/wp-json\/wp\/v2\/users\/1"}],"replies":[{"embeddable":true,"href":"https:\/\/www.lampo.it\/de\/wp-json\/wp\/v2\/comments?post=3198439"}],"version-history":[{"count":0,"href":"https:\/\/www.lampo.it\/de\/wp-json\/wp\/v2\/pages\/3198439\/revisions"}],"wp:attachment":[{"href":"https:\/\/www.lampo.it\/de\/wp-json\/wp\/v2\/media?parent=3198439"}],"wp:term":[{"taxonomy":"locations","embeddable":true,"href":"https:\/\/www.lampo.it\/de\/wp-json\/wp\/v2\/locations?post=3198439"}],"curies":[{"name":"wp","href":"https:\/\/api.w.org\/{rel}","templated":true}]}}